{"id":7902,"date":"2026-01-21T11:40:42","date_gmt":"2026-01-21T10:40:42","guid":{"rendered":"https:\/\/cfmotobenelux.com\/?post_type=product&#038;p=7902"},"modified":"2026-04-18T09:41:56","modified_gmt":"2026-04-18T07:41:56","slug":"800mt-x-hitteschild-koolstof","status":"publish","type":"product","link":"https:\/\/cfmotobenelux.com\/fr\/produit\/800mt-x-hitteschild-koolstof\/","title":{"rendered":"800MT-X Bouclier thermique Akrapovic (carbone)"},"content":{"rendered":"<p data-start=\"498\" data-end=\"818\">Le <strong data-start=\"502\" data-end=\"535\">800MT-X Bouclier thermique Akrapovic<\/strong> est con\u00e7u pour am\u00e9liorer l'aspect et la fonctionnalit\u00e9 de l'\u00e9chappement Akrapovi\u010d Slip-On Line sur la <strong data-start=\"623\" data-end=\"641\">CFMOTO 800MT-X<\/strong> une finition parfaite. Ce bouclier thermique fabriqu\u00e9 \u00e0 la main en fibre de carbone de haute qualit\u00e9 allie un aspect prestigieux \u00e0 une s\u00e9curit\u00e9 accrue pour le pilote et l'\u00e9quipement.<\/p>\n<p data-start=\"820\" data-end=\"1108\">Gr\u00e2ce \u00e0 son mat\u00e9riau en carbone \u00e0 la fois l\u00e9ger et r\u00e9sistant, il offre <strong data-start=\"879\" data-end=\"912\">800MT-X Bouclier thermique Akrapovic<\/strong> une protection efficace contre la chaleur de l'\u00e9chappement. Cela r\u00e9duit le risque d'endommager l'\u00e9quipement de conduite, les bagages ou les v\u00eatements, en particulier lors de longs trajets ou d'une utilisation intensive.<\/p>\n<h3 data-start=\"1110\" data-end=\"1153\">Finition en fibre de carbone de haute qualit\u00e9<\/h3>\n<p data-start=\"1154\" data-end=\"1448\">Le bouclier thermique est fabriqu\u00e9 en fibre de carbone de haute qualit\u00e9 et fini \u00e0 la main selon les m\u00eames normes de qualit\u00e9 rigoureuses que les syst\u00e8mes d'\u00e9chappement Akrapovi\u010d eux-m\u00eames. Il en r\u00e9sulte un look premium qui correspond parfaitement au caract\u00e8re sportif et orient\u00e9 vers l'aventure de la 800MT-X.<\/p>\n<h3 data-start=\"1450\" data-end=\"1475\">Assemblage pr\u00eat \u00e0 l'emploi<\/h3>\n<p data-start=\"1476\" data-end=\"1708\">Le <strong data-start=\"1480\" data-end=\"1513\">800MT-X Bouclier thermique Akrapovic<\/strong> est un accessoire pr\u00eat \u00e0 l'emploi et con\u00e7u comme un compl\u00e9ment direct de l'\u00e9chappement Slip-On Line d'Akrapovi\u010d. L'installation est simple et ne n\u00e9cessite aucune modification du moteur ou du syst\u00e8me d'\u00e9chappement.<\/p>\n<h3 data-start=\"1710\" data-end=\"1737\">Fonctionnel et \u00e9l\u00e9gant<\/h3>\n<p data-start=\"1738\" data-end=\"1951\">Outre une protection thermique pratique, ce bouclier thermique contribue \u00e0 donner au moteur une allure plus \u00e9l\u00e9gante et plus exclusive. Le design en carbone renforce le caract\u00e8re haute performance et compl\u00e8te visuellement l'\u00e9chappement.<\/p>\n<h3 data-start=\"1953\" data-end=\"2004\">Avantages du bouclier thermique 800MT-X Akrapovic<\/h3>\n<ul data-start=\"2005\" data-end=\"2275\">\n<li data-start=\"2005\" data-end=\"2051\">\n<p data-start=\"2007\" data-end=\"2051\">Fabriqu\u00e9 \u00e0 la main en fibre de carbone de haute qualit\u00e9<\/p>\n<\/li>\n<li data-start=\"2052\" data-end=\"2092\">\n<p data-start=\"2054\" data-end=\"2092\">Prot\u00e8ge contre la chaleur des gaz d'\u00e9chappement<\/p>\n<\/li>\n<li data-start=\"2093\" data-end=\"2142\">\n<p data-start=\"2095\" data-end=\"2142\">Augmente la s\u00e9curit\u00e9 du pilote et de l'\u00e9quipement<\/p>\n<\/li>\n<li data-start=\"2143\" data-end=\"2188\">\n<p data-start=\"2145\" data-end=\"2188\">Parfait accord avec Akrapovi\u010d Slip-On Line<\/p>\n<\/li>\n<li data-start=\"2189\" data-end=\"2234\">\n<p data-start=\"2191\" data-end=\"2234\">Montage plug-and-play sans modifications<\/p>\n<\/li>\n<li data-start=\"2235\" data-end=\"2275\">\n<p data-start=\"2237\" data-end=\"2275\">Un look haut de gamme pour un poids r\u00e9duit<\/p>\n<\/li>\n<\/ul>","protected":false},"excerpt":{"rendered":"<p>Het 800MT-X Akrapovic hitteschild is ontworpen om de look en functionaliteit van de Akrapovi\u010d Slip-On Line uitlaat op de CFMOTO 800MT-X perfect af te werken. Dit handgemaakte hitteschild uit hoogwaardige koolstofvezel combineert een prestigieuze uitstraling met extra veiligheid voor zowel rijder als uitrusting. Dankzij het lichte maar sterke koolstofmateriaal biedt het 800MT-X Akrapovic hitteschild een [&hellip;]<\/p>\n","protected":false},"featured_media":7903,"comment_status":"closed","ping_status":"closed","template":"","meta":{"_acf_changed":false,"inline_featured_image":false},"product_brand":[],"product_cat":[36],"product_tag":[75],"class_list":{"0":"post-7902","1":"product","2":"type-product","3":"status-publish","4":"has-post-thumbnail","6":"product_cat-motoraccessoires","7":"product_tag-800mt-x","9":"first","10":"instock","11":"taxable","12":"shipping-taxable","13":"purchasable","14":"product-type-simple"},"exclude_global_add_ons":[],"addons":[],"acf":[],"yoast_head":"<!-- This site is optimized with the Yoast SEO Premium plugin v27.3 (Yoast SEO v27.3) - https:\/\/yoast.com\/product\/yoast-seo-premium-wordpress\/ -->\n<title>800MT-X Akrapovic Hitteschild (koolstof) - CFMOTO Benelux<\/title>\n<meta name=\"description\" content=\"Geef jouw CF Moto 800MT-X een upgrade met het 800MT-X Akrapovic hitteschild (koolstof). Combineer stijl met veiligheid en bestel nu!\" \/>\n<meta name=\"robots\" content=\"index, follow, max-snippet:-1, max-image-preview:large, max-video-preview:-1\" \/>\n<link rel=\"canonical\" href=\"https:\/\/cfmotobenelux.com\/fr\/produit\/800mt-x-hitteschild-koolstof\/\" \/>\n<meta property=\"og:locale\" content=\"fr_FR\" \/>\n<meta property=\"og:type\" content=\"article\" \/>\n<meta property=\"og:title\" content=\"800MT-X Akrapovic Hitteschild (koolstof)\" \/>\n<meta property=\"og:description\" content=\"Geef jouw CF Moto 800MT-X een upgrade met het 800MT-X Akrapovic hitteschild (koolstof). Combineer stijl met veiligheid en bestel nu!\" \/>\n<meta property=\"og:url\" content=\"https:\/\/cfmotobenelux.com\/fr\/produit\/800mt-x-hitteschild-koolstof\/\" \/>\n<meta property=\"og:site_name\" content=\"CFMOTO Benelux\" \/>\n<meta property=\"article:publisher\" content=\"https:\/\/www.facebook.com\/cfmotobeneluxmoto\" \/>\n<meta property=\"article:modified_time\" content=\"2026-04-18T07:41:56+00:00\" \/>\n<meta property=\"og:image\" content=\"https:\/\/cfmotobenelux.com\/wp-content\/uploads\/2026\/01\/Akrapovic-Carbon-1024x767.png\" \/>\n\t<meta property=\"og:image:width\" content=\"1024\" \/>\n\t<meta property=\"og:image:height\" content=\"767\" \/>\n\t<meta property=\"og:image:type\" content=\"image\/png\" \/>\n<meta name=\"twitter:card\" content=\"summary_large_image\" \/>\n<meta name=\"twitter:label1\" content=\"Price\" \/>\n\t<meta name=\"twitter:data1\" content=\"&euro;&nbsp;119,95\" \/>\n\t<meta name=\"twitter:label2\" content=\"Availability\" \/>\n\t<meta name=\"twitter:data2\" content=\"In stock\" \/>\n<script type=\"application\/ld+json\" class=\"yoast-schema-graph\">{\"@context\":\"https:\\\/\\\/schema.org\",\"@graph\":[{\"@type\":\"WebPage\",\"@id\":\"https:\\\/\\\/cfmotobenelux.com\\\/product\\\/800mt-x-hitteschild-koolstof\\\/\",\"url\":\"https:\\\/\\\/cfmotobenelux.com\\\/product\\\/800mt-x-hitteschild-koolstof\\\/\",\"name\":\"800MT-X Akrapovic Hitteschild (koolstof) - CFMOTO Benelux\",\"isPartOf\":{\"@id\":\"https:\\\/\\\/cfmotobenelux.com\\\/#website\"},\"primaryImageOfPage\":{\"@id\":\"https:\\\/\\\/cfmotobenelux.com\\\/product\\\/800mt-x-hitteschild-koolstof\\\/#primaryimage\"},\"image\":{\"@id\":\"https:\\\/\\\/cfmotobenelux.com\\\/product\\\/800mt-x-hitteschild-koolstof\\\/#primaryimage\"},\"thumbnailUrl\":\"https:\\\/\\\/cfmotobenelux.com\\\/wp-content\\\/uploads\\\/2026\\\/01\\\/Akrapovic-Carbon.png\",\"datePublished\":\"2026-01-21T10:40:42+00:00\",\"dateModified\":\"2026-04-18T07:41:56+00:00\",\"description\":\"Geef jouw CF Moto 800MT-X een upgrade met het 800MT-X Akrapovic hitteschild (koolstof). Combineer stijl met veiligheid en bestel nu!\",\"breadcrumb\":{\"@id\":\"https:\\\/\\\/cfmotobenelux.com\\\/product\\\/800mt-x-hitteschild-koolstof\\\/#breadcrumb\"},\"inLanguage\":\"fr-BE\",\"potentialAction\":[{\"@type\":\"ReadAction\",\"target\":[\"https:\\\/\\\/cfmotobenelux.com\\\/product\\\/800mt-x-hitteschild-koolstof\\\/\"]}]},{\"@type\":\"ImageObject\",\"inLanguage\":\"fr-BE\",\"@id\":\"https:\\\/\\\/cfmotobenelux.com\\\/product\\\/800mt-x-hitteschild-koolstof\\\/#primaryimage\",\"url\":\"https:\\\/\\\/cfmotobenelux.com\\\/wp-content\\\/uploads\\\/2026\\\/01\\\/Akrapovic-Carbon.png\",\"contentUrl\":\"https:\\\/\\\/cfmotobenelux.com\\\/wp-content\\\/uploads\\\/2026\\\/01\\\/Akrapovic-Carbon.png\",\"width\":2362,\"height\":1769,\"caption\":\"Akrapovic Carbon\"},{\"@type\":\"BreadcrumbList\",\"@id\":\"https:\\\/\\\/cfmotobenelux.com\\\/product\\\/800mt-x-hitteschild-koolstof\\\/#breadcrumb\",\"itemListElement\":[{\"@type\":\"ListItem\",\"position\":1,\"name\":\"Home\",\"item\":\"https:\\\/\\\/cfmotobenelux.com\\\/\"},{\"@type\":\"ListItem\",\"position\":2,\"name\":\"Shop\",\"item\":\"https:\\\/\\\/cfmotobenelux.com\\\/shop\\\/\"},{\"@type\":\"ListItem\",\"position\":3,\"name\":\"Motoraccessoires\",\"item\":\"https:\\\/\\\/cfmotobenelux.com\\\/product-category\\\/motoraccessoires\\\/\"},{\"@type\":\"ListItem\",\"position\":4,\"name\":\"800MT-X Akrapovic Hitteschild (koolstof)\"}]},{\"@type\":\"WebSite\",\"@id\":\"https:\\\/\\\/cfmotobenelux.com\\\/#website\",\"url\":\"https:\\\/\\\/cfmotobenelux.com\\\/\",\"name\":\"CFMOTO Benelux\",\"description\":\"Experience more together\",\"publisher\":{\"@id\":\"https:\\\/\\\/cfmotobenelux.com\\\/#organization\"},\"alternateName\":\"CFMOTO motorfietsen offici\u00eble website Benelux.\",\"potentialAction\":[{\"@type\":\"SearchAction\",\"target\":{\"@type\":\"EntryPoint\",\"urlTemplate\":\"https:\\\/\\\/cfmotobenelux.com\\\/?s={search_term_string}\"},\"query-input\":{\"@type\":\"PropertyValueSpecification\",\"valueRequired\":true,\"valueName\":\"search_term_string\"}}],\"inLanguage\":\"fr-BE\"},{\"@type\":\"Organization\",\"@id\":\"https:\\\/\\\/cfmotobenelux.com\\\/#organization\",\"name\":\"CFMOTO Benelux\",\"alternateName\":\"CFMOTO - motorfietsen voor rijders die kracht, controle en comfort eisen.\",\"url\":\"https:\\\/\\\/cfmotobenelux.com\\\/\",\"logo\":{\"@type\":\"ImageObject\",\"inLanguage\":\"fr-BE\",\"@id\":\"https:\\\/\\\/cfmotobenelux.com\\\/#\\\/schema\\\/logo\\\/image\\\/\",\"url\":\"https:\\\/\\\/cfmotobenelux.com\\\/wp-content\\\/uploads\\\/2024\\\/06\\\/cfmoto-benelux-logo.jpg\",\"contentUrl\":\"https:\\\/\\\/cfmotobenelux.com\\\/wp-content\\\/uploads\\\/2024\\\/06\\\/cfmoto-benelux-logo.jpg\",\"width\":1200,\"height\":1200,\"caption\":\"CFMOTO Benelux\"},\"image\":{\"@id\":\"https:\\\/\\\/cfmotobenelux.com\\\/#\\\/schema\\\/logo\\\/image\\\/\"},\"sameAs\":[\"https:\\\/\\\/www.facebook.com\\\/cfmotobeneluxmoto\"]}]}<\/script>\n<meta property=\"product:price:amount\" content=\"119.95\" \/>\n<meta property=\"product:price:currency\" content=\"EUR\" \/>\n<meta property=\"og:availability\" content=\"instock\" \/>\n<meta property=\"product:availability\" content=\"instock\" \/>\n<meta property=\"product:retailer_item_id\" content=\"6WWV-803120-8000\" \/>\n<meta property=\"product:condition\" content=\"new\" \/>\n<!-- \/ Yoast SEO Premium plugin. -->","yoast_head_json":{"title":"800MT-X Bouclier thermique Akrapovic (carbone) - CFMOTO Benelux","description":"Donnez \u00e0 votre CF Moto 800MT-X une am\u00e9lioration avec le bouclier thermique Akrapovic 800MT-X (carbone). Combinez style et s\u00e9curit\u00e9 et commandez maintenant !","robots":{"index":"index","follow":"follow","max-snippet":"max-snippet:-1","max-image-preview":"max-image-preview:large","max-video-preview":"max-video-preview:-1"},"canonical":"https:\/\/cfmotobenelux.com\/fr\/produit\/800mt-x-hitteschild-koolstof\/","og_locale":"fr_FR","og_type":"article","og_title":"800MT-X Akrapovic Hitteschild (koolstof)","og_description":"Geef jouw CF Moto 800MT-X een upgrade met het 800MT-X Akrapovic hitteschild (koolstof). Combineer stijl met veiligheid en bestel nu!","og_url":"https:\/\/cfmotobenelux.com\/fr\/produit\/800mt-x-hitteschild-koolstof\/","og_site_name":"CFMOTO Benelux","article_publisher":"https:\/\/www.facebook.com\/cfmotobeneluxmoto","article_modified_time":"2026-04-18T07:41:56+00:00","og_image":[{"width":1024,"height":767,"url":"https:\/\/cfmotobenelux.com\/wp-content\/uploads\/2026\/01\/Akrapovic-Carbon-1024x767.png","type":"image\/png"}],"twitter_card":"summary_large_image","twitter_misc":{"Price":"&euro;&nbsp;119,95","Availability":"In stock"},"schema":{"@context":"https:\/\/schema.org","@graph":[{"@type":"WebPage","@id":"https:\/\/cfmotobenelux.com\/product\/800mt-x-hitteschild-koolstof\/","url":"https:\/\/cfmotobenelux.com\/product\/800mt-x-hitteschild-koolstof\/","name":"800MT-X Bouclier thermique Akrapovic (carbone) - CFMOTO Benelux","isPartOf":{"@id":"https:\/\/cfmotobenelux.com\/#website"},"primaryImageOfPage":{"@id":"https:\/\/cfmotobenelux.com\/product\/800mt-x-hitteschild-koolstof\/#primaryimage"},"image":{"@id":"https:\/\/cfmotobenelux.com\/product\/800mt-x-hitteschild-koolstof\/#primaryimage"},"thumbnailUrl":"https:\/\/cfmotobenelux.com\/wp-content\/uploads\/2026\/01\/Akrapovic-Carbon.png","datePublished":"2026-01-21T10:40:42+00:00","dateModified":"2026-04-18T07:41:56+00:00","description":"Donnez \u00e0 votre CF Moto 800MT-X une am\u00e9lioration avec le bouclier thermique Akrapovic 800MT-X (carbone). Combinez style et s\u00e9curit\u00e9 et commandez maintenant !","breadcrumb":{"@id":"https:\/\/cfmotobenelux.com\/product\/800mt-x-hitteschild-koolstof\/#breadcrumb"},"inLanguage":"fr-BE","potentialAction":[{"@type":"ReadAction","target":["https:\/\/cfmotobenelux.com\/product\/800mt-x-hitteschild-koolstof\/"]}]},{"@type":"ImageObject","inLanguage":"fr-BE","@id":"https:\/\/cfmotobenelux.com\/product\/800mt-x-hitteschild-koolstof\/#primaryimage","url":"https:\/\/cfmotobenelux.com\/wp-content\/uploads\/2026\/01\/Akrapovic-Carbon.png","contentUrl":"https:\/\/cfmotobenelux.com\/wp-content\/uploads\/2026\/01\/Akrapovic-Carbon.png","width":2362,"height":1769,"caption":"Akrapovic Carbon"},{"@type":"BreadcrumbList","@id":"https:\/\/cfmotobenelux.com\/product\/800mt-x-hitteschild-koolstof\/#breadcrumb","itemListElement":[{"@type":"ListItem","position":1,"name":"Home","item":"https:\/\/cfmotobenelux.com\/"},{"@type":"ListItem","position":2,"name":"Shop","item":"https:\/\/cfmotobenelux.com\/shop\/"},{"@type":"ListItem","position":3,"name":"Motoraccessoires","item":"https:\/\/cfmotobenelux.com\/product-category\/motoraccessoires\/"},{"@type":"ListItem","position":4,"name":"800MT-X Akrapovic Hitteschild (koolstof)"}]},{"@type":"WebSite","@id":"https:\/\/cfmotobenelux.com\/#website","url":"https:\/\/cfmotobenelux.com\/","name":"CFMOTO Benelux","description":"Experience more together","publisher":{"@id":"https:\/\/cfmotobenelux.com\/#organization"},"alternateName":"CFMOTO motorfietsen offici\u00eble website Benelux.","potentialAction":[{"@type":"SearchAction","target":{"@type":"EntryPoint","urlTemplate":"https:\/\/cfmotobenelux.com\/?s={search_term_string}"},"query-input":{"@type":"PropertyValueSpecification","valueRequired":true,"valueName":"search_term_string"}}],"inLanguage":"fr-BE"},{"@type":"Organization","@id":"https:\/\/cfmotobenelux.com\/#organization","name":"CFMOTO Benelux","alternateName":"CFMOTO - motorfietsen voor rijders die kracht, controle en comfort eisen.","url":"https:\/\/cfmotobenelux.com\/","logo":{"@type":"ImageObject","inLanguage":"fr-BE","@id":"https:\/\/cfmotobenelux.com\/#\/schema\/logo\/image\/","url":"https:\/\/cfmotobenelux.com\/wp-content\/uploads\/2024\/06\/cfmoto-benelux-logo.jpg","contentUrl":"https:\/\/cfmotobenelux.com\/wp-content\/uploads\/2024\/06\/cfmoto-benelux-logo.jpg","width":1200,"height":1200,"caption":"CFMOTO Benelux"},"image":{"@id":"https:\/\/cfmotobenelux.com\/#\/schema\/logo\/image\/"},"sameAs":["https:\/\/www.facebook.com\/cfmotobeneluxmoto"]}]},"product_price_amount":"119.95","product_price_currency":"EUR","og_availability":"instock","product_availability":"instock","product_retailer_item_id":"6WWV-803120-8000","product_condition":"new"},"_links":{"self":[{"href":"https:\/\/cfmotobenelux.com\/fr\/wp-json\/wp\/v2\/product\/7902","targetHints":{"allow":["GET"]}}],"collection":[{"href":"https:\/\/cfmotobenelux.com\/fr\/wp-json\/wp\/v2\/product"}],"about":[{"href":"https:\/\/cfmotobenelux.com\/fr\/wp-json\/wp\/v2\/types\/product"}],"replies":[{"embeddable":true,"href":"https:\/\/cfmotobenelux.com\/fr\/wp-json\/wp\/v2\/comments?post=7902"}],"wp:featuredmedia":[{"embeddable":true,"href":"https:\/\/cfmotobenelux.com\/fr\/wp-json\/wp\/v2\/media\/7903"}],"wp:attachment":[{"href":"https:\/\/cfmotobenelux.com\/fr\/wp-json\/wp\/v2\/media?parent=7902"}],"wp:term":[{"taxonomy":"product_brand","embeddable":true,"href":"https:\/\/cfmotobenelux.com\/fr\/wp-json\/wp\/v2\/product_brand?post=7902"},{"taxonomy":"product_cat","embeddable":true,"href":"https:\/\/cfmotobenelux.com\/fr\/wp-json\/wp\/v2\/product_cat?post=7902"},{"taxonomy":"product_tag","embeddable":true,"href":"https:\/\/cfmotobenelux.com\/fr\/wp-json\/wp\/v2\/product_tag?post=7902"}],"curies":[{"name":"wp","href":"https:\/\/api.w.org\/{rel}","templated":true}]}}