{"id":7660,"date":"2025-12-24T10:29:17","date_gmt":"2025-12-24T09:29:17","guid":{"rendered":"https:\/\/cfmotobenelux.com\/?post_type=product&#038;p=7660"},"modified":"2026-02-28T15:40:43","modified_gmt":"2026-02-28T14:40:43","slug":"race-voetsteun-rechts-rh-cfmoto-800mt-1000mt-x","status":"publish","type":"product","link":"https:\/\/cfmotobenelux.com\/fr\/produit\/race-voetsteun-rechts-rh-cfmoto-800mt-1000mt-x\/","title":{"rendered":"Repose-pieds Race Droit (RH) - CFMOTO 800MT (ES) &amp; 1000MT-X"},"content":{"rendered":"<p data-start=\"434\" data-end=\"799\">La <strong data-start=\"437\" data-end=\"470\">repose-pieds de course droit 800MT-X<\/strong> Le repose-pieds droit est con\u00e7u comme le compl\u00e9ment parfait du repose-pieds de course gauche, offrant plus d'adh\u00e9rence, de confort et de contr\u00f4le lors de la conduite sportive et aventureuse. Ce repose-pieds droit convient aux <strong data-start=\"661\" data-end=\"682\">CFMOTO 800MT (ES)<\/strong> et <strong data-start=\"686\" data-end=\"705\">CFMOTO 1000MT-X<\/strong> et est id\u00e9al pour les pilotes qui veulent plus de stabilit\u00e9 et de confiance dans n'importe quelle condition de conduite.<\/p>\n<p data-start=\"801\" data-end=\"1100\">Gr\u00e2ce \u00e0 la <strong data-start=\"813\" data-end=\"839\">30% surface agrandie<\/strong> vous b\u00e9n\u00e9ficiez d'un meilleur positionnement du pied, ce qui est particuli\u00e8rement appr\u00e9ciable en conduite debout, en tout-terrain et dans les virages sportifs. Les <strong data-start=\"966\" data-end=\"999\">repose-pieds de course droit 800MT-X<\/strong> aide \u00e0 r\u00e9duire la fatigue et offre une position de conduite plus stable pendant les longues randonn\u00e9es.<\/p>\n<h3 data-start=\"1102\" data-end=\"1138\">Con\u00e7u pour la pr\u00e9hension et le contr\u00f4le<\/h3>\n<p data-start=\"1139\" data-end=\"1380\">La construction robuste de ce repose-pieds de course garantit des performances fiables, m\u00eame dans des conditions difficiles. Que vous rouliez sur l'asphalte ou sur une piste de terre, le repose-pieds offre une adh\u00e9rence et un soutien suppl\u00e9mentaires en cas de besoin.<\/p>\n<h3 data-start=\"1382\" data-end=\"1426\">Parfaitement adapt\u00e9 aux mod\u00e8les CFMOTO MT<\/h3>\n<p data-start=\"1427\" data-end=\"1492\">La <strong data-start=\"1430\" data-end=\"1463\">repose-pieds de course droit 800MT-X<\/strong> est sp\u00e9cialement con\u00e7u pour :<\/p>\n<ul data-start=\"1493\" data-end=\"1557\">\n<li data-start=\"1493\" data-end=\"1509\">\n<p data-start=\"1495\" data-end=\"1509\">CFMOTO 800MT<\/p>\n<\/li>\n<li data-start=\"1510\" data-end=\"1537\">\n<p data-start=\"1512\" data-end=\"1537\">CFMOTO 800MT Explore ES<\/p>\n<\/li>\n<li data-start=\"1538\" data-end=\"1557\">\n<p data-start=\"1540\" data-end=\"1557\">CFMOTO 1000MT-X<\/p>\n<\/li>\n<\/ul>\n<p data-start=\"1559\" data-end=\"1675\">Le repose-pieds se raccorde parfaitement au syst\u00e8me de montage d'origine et pr\u00e9serve le caract\u00e8re sportif du v\u00e9lo.<\/p>\n<h3 data-start=\"1677\" data-end=\"1719\">Id\u00e9al pour la conduite sportive et tout-terrain<\/h3>\n<p data-start=\"1720\" data-end=\"1796\">La conception favorise un style de conduite actif et accro\u00eet la stabilit\u00e9 \u00e0 l'arr\u00eat :<\/p>\n<ul data-start=\"1797\" data-end=\"1856\">\n<li data-start=\"1797\" data-end=\"1814\">\n<p data-start=\"1799\" data-end=\"1814\">La monte debout<\/p>\n<\/li>\n<li data-start=\"1815\" data-end=\"1836\">\n<p data-start=\"1817\" data-end=\"1836\">Courbes sportives<\/p>\n<\/li>\n<li data-start=\"1837\" data-end=\"1856\">\n<p data-start=\"1839\" data-end=\"1856\">Utilisation hors route<\/p>\n<\/li>\n<\/ul>\n<h3 data-start=\"1858\" data-end=\"1908\">Avantages du repose-pieds de course droit 800MT-X<\/h3>\n<ul data-start=\"1909\" data-end=\"2122\">\n<li data-start=\"1909\" data-end=\"1956\">\n<p data-start=\"1911\" data-end=\"1956\">30% surface plus grande pour un contr\u00f4le optimal<\/p>\n<\/li>\n<li data-start=\"1957\" data-end=\"1990\">\n<p data-start=\"1959\" data-end=\"1990\">Augmentation de l'adh\u00e9rence et de la stabilit\u00e9<\/p>\n<\/li>\n<li data-start=\"1991\" data-end=\"2026\">\n<p data-start=\"1993\" data-end=\"2026\">Conception robuste et durable<\/p>\n<\/li>\n<li data-start=\"2027\" data-end=\"2069\">\n<p data-start=\"2029\" data-end=\"2069\">Id\u00e9al pour la conduite sportive et tout-terrain<\/p>\n<\/li>\n<li data-start=\"2070\" data-end=\"2122\">\n<p data-start=\"2072\" data-end=\"2122\">Parfaitement adapt\u00e9 aux CFMOTO 800MT (ES) et 1000MT-X<\/p>\n<\/li>\n<\/ul>","protected":false},"excerpt":{"rendered":"<p>De race voetsteun rechts 800MT-X is ontworpen als perfecte aanvulling op de linker race voetsteun en biedt extra grip, comfort en controle tijdens sportief en avontuurlijk rijden. Deze rechter voetsteun is geschikt voor de CFMOTO 800MT (ES) en CFMOTO 1000MT-X en is ideaal voor rijders die meer stabiliteit en vertrouwen willen in elke rijomstandigheid. Dankzij [&hellip;]<\/p>\n","protected":false},"featured_media":2533,"comment_status":"closed","ping_status":"closed","template":"","meta":{"_acf_changed":false,"inline_featured_image":false},"product_brand":[],"product_cat":[36],"product_tag":[146,74,147],"class_list":{"0":"post-7660","1":"product","2":"type-product","3":"status-publish","4":"has-post-thumbnail","6":"product_cat-motoraccessoires","7":"product_tag-1000mt-x","8":"product_tag-800mt","9":"product_tag-800mt-explore-es","11":"first","12":"instock","13":"taxable","14":"shipping-taxable","15":"purchasable","16":"product-type-simple"},"exclude_global_add_ons":[],"addons":[],"acf":[],"yoast_head":"<!-- This site is optimized with the Yoast SEO Premium plugin v27.3 (Yoast SEO v27.3) - https:\/\/yoast.com\/product\/yoast-seo-premium-wordpress\/ -->\n<title>Race Voetsteun Rechts (RH) \u2013 CFMOTO 800MT (ES) &amp; 1000MT-X - CFMOTO Benelux<\/title>\n<meta name=\"description\" content=\"Verbeter je rijervaring met de 800MT Race voetsteunen! Geniet van een grotere grip en stabiliteit voor off-road avonturen.\" \/>\n<meta name=\"robots\" content=\"index, follow, max-snippet:-1, max-image-preview:large, max-video-preview:-1\" \/>\n<link rel=\"canonical\" href=\"https:\/\/cfmotobenelux.com\/fr\/produit\/race-voetsteun-rechts-rh-cfmoto-800mt-1000mt-x\/\" \/>\n<meta property=\"og:locale\" content=\"fr_FR\" \/>\n<meta property=\"og:type\" content=\"article\" \/>\n<meta property=\"og:title\" content=\"Race Voetsteun Rechts (RH) \u2013 CFMOTO 800MT (ES) &amp; 1000MT-X\" \/>\n<meta property=\"og:description\" content=\"Verbeter je rijervaring met de 800MT Race voetsteunen! Geniet van een grotere grip en stabiliteit voor off-road avonturen.\" \/>\n<meta property=\"og:url\" content=\"https:\/\/cfmotobenelux.com\/fr\/produit\/race-voetsteun-rechts-rh-cfmoto-800mt-1000mt-x\/\" \/>\n<meta property=\"og:site_name\" content=\"CFMOTO Benelux\" \/>\n<meta property=\"article:publisher\" content=\"https:\/\/www.facebook.com\/cfmotobeneluxmoto\" \/>\n<meta property=\"article:modified_time\" content=\"2026-02-28T14:40:43+00:00\" \/>\n<meta property=\"og:image\" content=\"https:\/\/cfmotobenelux.com\/wp-content\/uploads\/2023\/12\/Cales-pieds-racing-800MT.jpg\" \/>\n\t<meta property=\"og:image:width\" content=\"500\" \/>\n\t<meta property=\"og:image:height\" content=\"500\" \/>\n\t<meta property=\"og:image:type\" content=\"image\/jpeg\" \/>\n<meta name=\"twitter:card\" content=\"summary_large_image\" \/>\n<meta name=\"twitter:label1\" content=\"Price\" \/>\n\t<meta name=\"twitter:data1\" content=\"&euro;&nbsp;99,95\" \/>\n\t<meta name=\"twitter:label2\" content=\"Availability\" \/>\n\t<meta name=\"twitter:data2\" content=\"In stock\" \/>\n<script type=\"application\/ld+json\" class=\"yoast-schema-graph\">{\"@context\":\"https:\\\/\\\/schema.org\",\"@graph\":[{\"@type\":\"WebPage\",\"@id\":\"https:\\\/\\\/cfmotobenelux.com\\\/product\\\/race-voetsteun-rechts-rh-cfmoto-800mt-1000mt-x\\\/\",\"url\":\"https:\\\/\\\/cfmotobenelux.com\\\/product\\\/race-voetsteun-rechts-rh-cfmoto-800mt-1000mt-x\\\/\",\"name\":\"Race Voetsteun Rechts (RH) \u2013 CFMOTO 800MT (ES) & 1000MT-X - CFMOTO Benelux\",\"isPartOf\":{\"@id\":\"https:\\\/\\\/cfmotobenelux.com\\\/#website\"},\"primaryImageOfPage\":{\"@id\":\"https:\\\/\\\/cfmotobenelux.com\\\/product\\\/race-voetsteun-rechts-rh-cfmoto-800mt-1000mt-x\\\/#primaryimage\"},\"image\":{\"@id\":\"https:\\\/\\\/cfmotobenelux.com\\\/product\\\/race-voetsteun-rechts-rh-cfmoto-800mt-1000mt-x\\\/#primaryimage\"},\"thumbnailUrl\":\"https:\\\/\\\/cfmotobenelux.com\\\/wp-content\\\/uploads\\\/2023\\\/12\\\/Cales-pieds-racing-800MT.jpg\",\"datePublished\":\"2025-12-24T09:29:17+00:00\",\"dateModified\":\"2026-02-28T14:40:43+00:00\",\"description\":\"Verbeter je rijervaring met de 800MT Race voetsteunen! Geniet van een grotere grip en stabiliteit voor off-road avonturen.\",\"breadcrumb\":{\"@id\":\"https:\\\/\\\/cfmotobenelux.com\\\/product\\\/race-voetsteun-rechts-rh-cfmoto-800mt-1000mt-x\\\/#breadcrumb\"},\"inLanguage\":\"fr-BE\",\"potentialAction\":[{\"@type\":\"ReadAction\",\"target\":[\"https:\\\/\\\/cfmotobenelux.com\\\/product\\\/race-voetsteun-rechts-rh-cfmoto-800mt-1000mt-x\\\/\"]}]},{\"@type\":\"ImageObject\",\"inLanguage\":\"fr-BE\",\"@id\":\"https:\\\/\\\/cfmotobenelux.com\\\/product\\\/race-voetsteun-rechts-rh-cfmoto-800mt-1000mt-x\\\/#primaryimage\",\"url\":\"https:\\\/\\\/cfmotobenelux.com\\\/wp-content\\\/uploads\\\/2023\\\/12\\\/Cales-pieds-racing-800MT.jpg\",\"contentUrl\":\"https:\\\/\\\/cfmotobenelux.com\\\/wp-content\\\/uploads\\\/2023\\\/12\\\/Cales-pieds-racing-800MT.jpg\",\"width\":500,\"height\":500,\"caption\":\"Cales pieds racing - 800MT - Racing voetsteunen - 800MT\"},{\"@type\":\"BreadcrumbList\",\"@id\":\"https:\\\/\\\/cfmotobenelux.com\\\/product\\\/race-voetsteun-rechts-rh-cfmoto-800mt-1000mt-x\\\/#breadcrumb\",\"itemListElement\":[{\"@type\":\"ListItem\",\"position\":1,\"name\":\"Home\",\"item\":\"https:\\\/\\\/cfmotobenelux.com\\\/\"},{\"@type\":\"ListItem\",\"position\":2,\"name\":\"Shop\",\"item\":\"https:\\\/\\\/cfmotobenelux.com\\\/shop\\\/\"},{\"@type\":\"ListItem\",\"position\":3,\"name\":\"Motoraccessoires\",\"item\":\"https:\\\/\\\/cfmotobenelux.com\\\/product-category\\\/motoraccessoires\\\/\"},{\"@type\":\"ListItem\",\"position\":4,\"name\":\"Race Voetsteun Rechts (RH) \u2013 CFMOTO 800MT (ES) &#038; 1000MT-X\"}]},{\"@type\":\"WebSite\",\"@id\":\"https:\\\/\\\/cfmotobenelux.com\\\/#website\",\"url\":\"https:\\\/\\\/cfmotobenelux.com\\\/\",\"name\":\"CFMOTO Benelux\",\"description\":\"Experience more together\",\"publisher\":{\"@id\":\"https:\\\/\\\/cfmotobenelux.com\\\/#organization\"},\"alternateName\":\"CFMOTO motorfietsen offici\u00eble website Benelux.\",\"potentialAction\":[{\"@type\":\"SearchAction\",\"target\":{\"@type\":\"EntryPoint\",\"urlTemplate\":\"https:\\\/\\\/cfmotobenelux.com\\\/?s={search_term_string}\"},\"query-input\":{\"@type\":\"PropertyValueSpecification\",\"valueRequired\":true,\"valueName\":\"search_term_string\"}}],\"inLanguage\":\"fr-BE\"},{\"@type\":\"Organization\",\"@id\":\"https:\\\/\\\/cfmotobenelux.com\\\/#organization\",\"name\":\"CFMOTO Benelux\",\"alternateName\":\"CFMOTO - motorfietsen voor rijders die kracht, controle en comfort eisen.\",\"url\":\"https:\\\/\\\/cfmotobenelux.com\\\/\",\"logo\":{\"@type\":\"ImageObject\",\"inLanguage\":\"fr-BE\",\"@id\":\"https:\\\/\\\/cfmotobenelux.com\\\/#\\\/schema\\\/logo\\\/image\\\/\",\"url\":\"https:\\\/\\\/cfmotobenelux.com\\\/wp-content\\\/uploads\\\/2024\\\/06\\\/cfmoto-benelux-logo.jpg\",\"contentUrl\":\"https:\\\/\\\/cfmotobenelux.com\\\/wp-content\\\/uploads\\\/2024\\\/06\\\/cfmoto-benelux-logo.jpg\",\"width\":1200,\"height\":1200,\"caption\":\"CFMOTO Benelux\"},\"image\":{\"@id\":\"https:\\\/\\\/cfmotobenelux.com\\\/#\\\/schema\\\/logo\\\/image\\\/\"},\"sameAs\":[\"https:\\\/\\\/www.facebook.com\\\/cfmotobeneluxmoto\"]}]}<\/script>\n<meta property=\"product:price:amount\" content=\"99.95\" \/>\n<meta property=\"product:price:currency\" content=\"EUR\" \/>\n<meta property=\"og:availability\" content=\"instock\" \/>\n<meta property=\"product:availability\" content=\"instock\" \/>\n<meta property=\"product:retailer_item_id\" content=\"6WWV-802520-5000\" \/>\n<meta property=\"product:condition\" content=\"new\" \/>\n<!-- \/ Yoast SEO Premium plugin. -->","yoast_head_json":{"title":"Race Footrest Right (RH) - CFMOTO 800MT (ES) &amp; 1000MT-X - CFMOTO Benelux","description":"Am\u00e9liorez votre exp\u00e9rience de conduite avec les repose-pieds 800MT Race ! B\u00e9n\u00e9ficiez d'une meilleure adh\u00e9rence et d'une plus grande stabilit\u00e9 pour vos aventures tout-terrain.","robots":{"index":"index","follow":"follow","max-snippet":"max-snippet:-1","max-image-preview":"max-image-preview:large","max-video-preview":"max-video-preview:-1"},"canonical":"https:\/\/cfmotobenelux.com\/fr\/produit\/race-voetsteun-rechts-rh-cfmoto-800mt-1000mt-x\/","og_locale":"fr_FR","og_type":"article","og_title":"Race Voetsteun Rechts (RH) \u2013 CFMOTO 800MT (ES) & 1000MT-X","og_description":"Verbeter je rijervaring met de 800MT Race voetsteunen! Geniet van een grotere grip en stabiliteit voor off-road avonturen.","og_url":"https:\/\/cfmotobenelux.com\/fr\/produit\/race-voetsteun-rechts-rh-cfmoto-800mt-1000mt-x\/","og_site_name":"CFMOTO Benelux","article_publisher":"https:\/\/www.facebook.com\/cfmotobeneluxmoto","article_modified_time":"2026-02-28T14:40:43+00:00","og_image":[{"width":500,"height":500,"url":"https:\/\/cfmotobenelux.com\/wp-content\/uploads\/2023\/12\/Cales-pieds-racing-800MT.jpg","type":"image\/jpeg"}],"twitter_card":"summary_large_image","twitter_misc":{"Price":"&euro;&nbsp;99,95","Availability":"In stock"},"schema":{"@context":"https:\/\/schema.org","@graph":[{"@type":"WebPage","@id":"https:\/\/cfmotobenelux.com\/product\/race-voetsteun-rechts-rh-cfmoto-800mt-1000mt-x\/","url":"https:\/\/cfmotobenelux.com\/product\/race-voetsteun-rechts-rh-cfmoto-800mt-1000mt-x\/","name":"Race Footrest Right (RH) - CFMOTO 800MT (ES) &amp; 1000MT-X - CFMOTO Benelux","isPartOf":{"@id":"https:\/\/cfmotobenelux.com\/#website"},"primaryImageOfPage":{"@id":"https:\/\/cfmotobenelux.com\/product\/race-voetsteun-rechts-rh-cfmoto-800mt-1000mt-x\/#primaryimage"},"image":{"@id":"https:\/\/cfmotobenelux.com\/product\/race-voetsteun-rechts-rh-cfmoto-800mt-1000mt-x\/#primaryimage"},"thumbnailUrl":"https:\/\/cfmotobenelux.com\/wp-content\/uploads\/2023\/12\/Cales-pieds-racing-800MT.jpg","datePublished":"2025-12-24T09:29:17+00:00","dateModified":"2026-02-28T14:40:43+00:00","description":"Am\u00e9liorez votre exp\u00e9rience de conduite avec les repose-pieds 800MT Race ! B\u00e9n\u00e9ficiez d'une meilleure adh\u00e9rence et d'une plus grande stabilit\u00e9 pour vos aventures tout-terrain.","breadcrumb":{"@id":"https:\/\/cfmotobenelux.com\/product\/race-voetsteun-rechts-rh-cfmoto-800mt-1000mt-x\/#breadcrumb"},"inLanguage":"fr-BE","potentialAction":[{"@type":"ReadAction","target":["https:\/\/cfmotobenelux.com\/product\/race-voetsteun-rechts-rh-cfmoto-800mt-1000mt-x\/"]}]},{"@type":"ImageObject","inLanguage":"fr-BE","@id":"https:\/\/cfmotobenelux.com\/product\/race-voetsteun-rechts-rh-cfmoto-800mt-1000mt-x\/#primaryimage","url":"https:\/\/cfmotobenelux.com\/wp-content\/uploads\/2023\/12\/Cales-pieds-racing-800MT.jpg","contentUrl":"https:\/\/cfmotobenelux.com\/wp-content\/uploads\/2023\/12\/Cales-pieds-racing-800MT.jpg","width":500,"height":500,"caption":"Cales pieds racing - 800MT - Racing voetsteunen - 800MT"},{"@type":"BreadcrumbList","@id":"https:\/\/cfmotobenelux.com\/product\/race-voetsteun-rechts-rh-cfmoto-800mt-1000mt-x\/#breadcrumb","itemListElement":[{"@type":"ListItem","position":1,"name":"Home","item":"https:\/\/cfmotobenelux.com\/"},{"@type":"ListItem","position":2,"name":"Shop","item":"https:\/\/cfmotobenelux.com\/shop\/"},{"@type":"ListItem","position":3,"name":"Motoraccessoires","item":"https:\/\/cfmotobenelux.com\/product-category\/motoraccessoires\/"},{"@type":"ListItem","position":4,"name":"Race Voetsteun Rechts (RH) \u2013 CFMOTO 800MT (ES) &#038; 1000MT-X"}]},{"@type":"WebSite","@id":"https:\/\/cfmotobenelux.com\/#website","url":"https:\/\/cfmotobenelux.com\/","name":"CFMOTO Benelux","description":"Experience more together","publisher":{"@id":"https:\/\/cfmotobenelux.com\/#organization"},"alternateName":"CFMOTO motorfietsen offici\u00eble website Benelux.","potentialAction":[{"@type":"SearchAction","target":{"@type":"EntryPoint","urlTemplate":"https:\/\/cfmotobenelux.com\/?s={search_term_string}"},"query-input":{"@type":"PropertyValueSpecification","valueRequired":true,"valueName":"search_term_string"}}],"inLanguage":"fr-BE"},{"@type":"Organization","@id":"https:\/\/cfmotobenelux.com\/#organization","name":"CFMOTO Benelux","alternateName":"CFMOTO - motorfietsen voor rijders die kracht, controle en comfort eisen.","url":"https:\/\/cfmotobenelux.com\/","logo":{"@type":"ImageObject","inLanguage":"fr-BE","@id":"https:\/\/cfmotobenelux.com\/#\/schema\/logo\/image\/","url":"https:\/\/cfmotobenelux.com\/wp-content\/uploads\/2024\/06\/cfmoto-benelux-logo.jpg","contentUrl":"https:\/\/cfmotobenelux.com\/wp-content\/uploads\/2024\/06\/cfmoto-benelux-logo.jpg","width":1200,"height":1200,"caption":"CFMOTO Benelux"},"image":{"@id":"https:\/\/cfmotobenelux.com\/#\/schema\/logo\/image\/"},"sameAs":["https:\/\/www.facebook.com\/cfmotobeneluxmoto"]}]},"product_price_amount":"99.95","product_price_currency":"EUR","og_availability":"instock","product_availability":"instock","product_retailer_item_id":"6WWV-802520-5000","product_condition":"new"},"_links":{"self":[{"href":"https:\/\/cfmotobenelux.com\/fr\/wp-json\/wp\/v2\/product\/7660","targetHints":{"allow":["GET"]}}],"collection":[{"href":"https:\/\/cfmotobenelux.com\/fr\/wp-json\/wp\/v2\/product"}],"about":[{"href":"https:\/\/cfmotobenelux.com\/fr\/wp-json\/wp\/v2\/types\/product"}],"replies":[{"embeddable":true,"href":"https:\/\/cfmotobenelux.com\/fr\/wp-json\/wp\/v2\/comments?post=7660"}],"wp:featuredmedia":[{"embeddable":true,"href":"https:\/\/cfmotobenelux.com\/fr\/wp-json\/wp\/v2\/media\/2533"}],"wp:attachment":[{"href":"https:\/\/cfmotobenelux.com\/fr\/wp-json\/wp\/v2\/media?parent=7660"}],"wp:term":[{"taxonomy":"product_brand","embeddable":true,"href":"https:\/\/cfmotobenelux.com\/fr\/wp-json\/wp\/v2\/product_brand?post=7660"},{"taxonomy":"product_cat","embeddable":true,"href":"https:\/\/cfmotobenelux.com\/fr\/wp-json\/wp\/v2\/product_cat?post=7660"},{"taxonomy":"product_tag","embeddable":true,"href":"https:\/\/cfmotobenelux.com\/fr\/wp-json\/wp\/v2\/product_tag?post=7660"}],"curies":[{"name":"wp","href":"https:\/\/api.w.org\/{rel}","templated":true}]}}