{"id":7644,"date":"2026-02-11T14:31:32","date_gmt":"2026-02-11T13:31:32","guid":{"rendered":"https:\/\/cfmotobenelux.com\/?post_type=product&#038;p=7644"},"modified":"2026-02-12T09:57:53","modified_gmt":"2026-02-12T08:57:53","slug":"achterremklauw-beschermer-rvs-1000mt-x","status":"publish","type":"product","link":"https:\/\/cfmotobenelux.com\/fr\/produit\/achterremklauw-beschermer-rvs-1000mt-x\/","title":{"rendered":"Protecteur d'\u00e9trier de frein arri\u00e8re - acier inoxydable | 1000MT-X"},"content":{"rendered":"<p data-start=\"279\" data-end=\"510\">La <strong data-start=\"282\" data-end=\"311\">Protecteur d'\u00e9trier de frein arri\u00e8re<\/strong> prot\u00e8ge l'\u00e9trier du <strong data-start=\"341\" data-end=\"353\">1000MT-X<\/strong> pendant la conduite quotidienne et tout-terrain. Le protecteur emp\u00eache les dommages caus\u00e9s par les pierres, la salet\u00e9 et les \u00e9claboussures, ce qui contribue \u00e0 maintenir la stabilit\u00e9 des performances de freinage.<\/p>\n<p data-start=\"512\" data-end=\"837\">Le protecteur est compos\u00e9 de <strong data-start=\"541\" data-end=\"569\">Acier inoxydable de 2 mm d'\u00e9paisseur<\/strong> et dispose d'un <strong data-start=\"583\" data-end=\"638\">surface sabl\u00e9e et trait\u00e9e par \u00e9lectrolyse<\/strong>. Cela augmente la durabilit\u00e9 et la r\u00e9sistance \u00e0 la corrosion. Gr\u00e2ce \u00e0 la <strong data-start=\"706\" data-end=\"721\">Cintrage CNC<\/strong> relie parfaitement la pi\u00e8ce au moteur. L'assemblage est <strong data-start=\"787\" data-end=\"807\">non destructif<\/strong> et ne n\u00e9cessite aucun r\u00e9glage.<\/p>\n<p data-start=\"839\" data-end=\"852\"><strong data-start=\"839\" data-end=\"852\">Avantages<\/strong><\/p>\n<ul data-start=\"853\" data-end=\"1087\">\n<li data-start=\"853\" data-end=\"897\">\n<p data-start=\"855\" data-end=\"897\">Prot\u00e8ge l'\u00e9trier de frein arri\u00e8re contre les dommages<\/p>\n<\/li>\n<li data-start=\"898\" data-end=\"942\">\n<p data-start=\"900\" data-end=\"942\">Aide \u00e0 maintenir une performance de freinage stable<\/p>\n<\/li>\n<li data-start=\"943\" data-end=\"971\">\n<p data-start=\"945\" data-end=\"971\">Fabriqu\u00e9 en acier inoxydable de 2 mm d'\u00e9paisseur<\/p>\n<\/li>\n<li data-start=\"972\" data-end=\"1003\">\n<p data-start=\"974\" data-end=\"1003\">Surface r\u00e9sistante \u00e0 la corrosion<\/p>\n<\/li>\n<li data-start=\"1004\" data-end=\"1045\">\n<p data-start=\"1006\" data-end=\"1045\">Assemblage simple et non destructif<\/p>\n<\/li>\n<li data-start=\"1046\" data-end=\"1087\">\n<p data-start=\"1048\" data-end=\"1087\">Sp\u00e9cialement con\u00e7u pour le <strong data-start=\"1075\" data-end=\"1087\">1000MT-X<\/strong><\/p>\n<\/li>\n<\/ul>","protected":false},"excerpt":{"rendered":"<p>De Achterremklauw Beschermer beschermt de remklauw van de 1000MT-X tijdens dagelijks en offroad rijden. De beschermer voorkomt schade door stenen, vuil en opspattend materiaal en helpt zo de remprestaties stabiel te houden. De beschermer is gemaakt van 2 mm dik roestvrij staal en heeft een gezandstraald en elektrolytisch behandeld oppervlak. Dit verhoogt de duurzaamheid en [&hellip;]<\/p>\n","protected":false},"featured_media":7645,"comment_status":"closed","ping_status":"closed","template":"","meta":{"_acf_changed":false,"inline_featured_image":false},"product_brand":[],"product_cat":[36],"product_tag":[146],"class_list":{"0":"post-7644","1":"product","2":"type-product","3":"status-publish","4":"has-post-thumbnail","6":"product_cat-motoraccessoires","7":"product_tag-1000mt-x","9":"first","10":"outofstock","11":"taxable","12":"shipping-taxable","13":"purchasable","14":"product-type-simple"},"exclude_global_add_ons":[],"addons":[],"acf":[],"yoast_head":"<!-- This site is optimized with the Yoast SEO Premium plugin v27.3 (Yoast SEO v27.3) - https:\/\/yoast.com\/product\/yoast-seo-premium-wordpress\/ -->\n<title>Achterremklauw Beschermer \u2013 RVS | 1000MT-X - CFMOTO Benelux<\/title>\n<meta name=\"description\" content=\"Bescherm de remklauw van je 1000MT-X met de Achterremklauw Beschermer \u2013 RVS | 1000MT-X. Geniet van extra duurzaamheid en stabiliteit!\" \/>\n<meta name=\"robots\" content=\"index, follow, max-snippet:-1, max-image-preview:large, max-video-preview:-1\" \/>\n<link rel=\"canonical\" href=\"https:\/\/cfmotobenelux.com\/fr\/produit\/achterremklauw-beschermer-rvs-1000mt-x\/\" \/>\n<meta property=\"og:locale\" content=\"fr_FR\" \/>\n<meta property=\"og:type\" content=\"article\" \/>\n<meta property=\"og:title\" content=\"Achterremklauw Beschermer \u2013 RVS | 1000MT-X\" \/>\n<meta property=\"og:description\" content=\"Bescherm de remklauw van je 1000MT-X met de Achterremklauw Beschermer \u2013 RVS | 1000MT-X. Geniet van extra duurzaamheid en stabiliteit!\" \/>\n<meta property=\"og:url\" content=\"https:\/\/cfmotobenelux.com\/fr\/produit\/achterremklauw-beschermer-rvs-1000mt-x\/\" \/>\n<meta property=\"og:site_name\" content=\"CFMOTO Benelux\" \/>\n<meta property=\"article:publisher\" content=\"https:\/\/www.facebook.com\/cfmotobeneluxmoto\" \/>\n<meta property=\"article:modified_time\" content=\"2026-02-12T08:57:53+00:00\" \/>\n<meta property=\"og:image\" content=\"https:\/\/cfmotobenelux.com\/wp-content\/uploads\/2025\/12\/Schermafbeelding-2025-12-23-180533.jpg\" \/>\n\t<meta property=\"og:image:width\" content=\"1124\" \/>\n\t<meta property=\"og:image:height\" content=\"577\" \/>\n\t<meta property=\"og:image:type\" content=\"image\/jpeg\" \/>\n<meta name=\"twitter:card\" content=\"summary_large_image\" \/>\n<meta name=\"twitter:label1\" content=\"Price\" \/>\n\t<meta name=\"twitter:data1\" content=\"&euro;&nbsp;39,95\" \/>\n\t<meta name=\"twitter:label2\" content=\"Availability\" \/>\n\t<meta name=\"twitter:data2\" content=\"Out of stock\" \/>\n<script type=\"application\/ld+json\" class=\"yoast-schema-graph\">{\"@context\":\"https:\\\/\\\/schema.org\",\"@graph\":[{\"@type\":\"WebPage\",\"@id\":\"https:\\\/\\\/cfmotobenelux.com\\\/product\\\/achterremklauw-beschermer-rvs-1000mt-x\\\/\",\"url\":\"https:\\\/\\\/cfmotobenelux.com\\\/product\\\/achterremklauw-beschermer-rvs-1000mt-x\\\/\",\"name\":\"Achterremklauw Beschermer \u2013 RVS | 1000MT-X - CFMOTO Benelux\",\"isPartOf\":{\"@id\":\"https:\\\/\\\/cfmotobenelux.com\\\/#website\"},\"primaryImageOfPage\":{\"@id\":\"https:\\\/\\\/cfmotobenelux.com\\\/product\\\/achterremklauw-beschermer-rvs-1000mt-x\\\/#primaryimage\"},\"image\":{\"@id\":\"https:\\\/\\\/cfmotobenelux.com\\\/product\\\/achterremklauw-beschermer-rvs-1000mt-x\\\/#primaryimage\"},\"thumbnailUrl\":\"https:\\\/\\\/cfmotobenelux.com\\\/wp-content\\\/uploads\\\/2025\\\/12\\\/Schermafbeelding-2025-12-23-180533.jpg\",\"datePublished\":\"2026-02-11T13:31:32+00:00\",\"dateModified\":\"2026-02-12T08:57:53+00:00\",\"description\":\"Bescherm de remklauw van je 1000MT-X met de Achterremklauw Beschermer \u2013 RVS | 1000MT-X. Geniet van extra duurzaamheid en stabiliteit!\",\"breadcrumb\":{\"@id\":\"https:\\\/\\\/cfmotobenelux.com\\\/product\\\/achterremklauw-beschermer-rvs-1000mt-x\\\/#breadcrumb\"},\"inLanguage\":\"fr-BE\",\"potentialAction\":[{\"@type\":\"ReadAction\",\"target\":[\"https:\\\/\\\/cfmotobenelux.com\\\/product\\\/achterremklauw-beschermer-rvs-1000mt-x\\\/\"]}]},{\"@type\":\"ImageObject\",\"inLanguage\":\"fr-BE\",\"@id\":\"https:\\\/\\\/cfmotobenelux.com\\\/product\\\/achterremklauw-beschermer-rvs-1000mt-x\\\/#primaryimage\",\"url\":\"https:\\\/\\\/cfmotobenelux.com\\\/wp-content\\\/uploads\\\/2025\\\/12\\\/Schermafbeelding-2025-12-23-180533.jpg\",\"contentUrl\":\"https:\\\/\\\/cfmotobenelux.com\\\/wp-content\\\/uploads\\\/2025\\\/12\\\/Schermafbeelding-2025-12-23-180533.jpg\",\"width\":1124,\"height\":577,\"caption\":\"Achterremklauw Beschermer \u2013 RVS | 1000MT-X\"},{\"@type\":\"BreadcrumbList\",\"@id\":\"https:\\\/\\\/cfmotobenelux.com\\\/product\\\/achterremklauw-beschermer-rvs-1000mt-x\\\/#breadcrumb\",\"itemListElement\":[{\"@type\":\"ListItem\",\"position\":1,\"name\":\"Home\",\"item\":\"https:\\\/\\\/cfmotobenelux.com\\\/\"},{\"@type\":\"ListItem\",\"position\":2,\"name\":\"Shop\",\"item\":\"https:\\\/\\\/cfmotobenelux.com\\\/shop\\\/\"},{\"@type\":\"ListItem\",\"position\":3,\"name\":\"Motoraccessoires\",\"item\":\"https:\\\/\\\/cfmotobenelux.com\\\/product-category\\\/motoraccessoires\\\/\"},{\"@type\":\"ListItem\",\"position\":4,\"name\":\"Achterremklauw Beschermer \u2013 RVS | 1000MT-X\"}]},{\"@type\":\"WebSite\",\"@id\":\"https:\\\/\\\/cfmotobenelux.com\\\/#website\",\"url\":\"https:\\\/\\\/cfmotobenelux.com\\\/\",\"name\":\"CFMOTO Benelux\",\"description\":\"Experience more together\",\"publisher\":{\"@id\":\"https:\\\/\\\/cfmotobenelux.com\\\/#organization\"},\"alternateName\":\"CFMOTO motorfietsen offici\u00eble website Benelux.\",\"potentialAction\":[{\"@type\":\"SearchAction\",\"target\":{\"@type\":\"EntryPoint\",\"urlTemplate\":\"https:\\\/\\\/cfmotobenelux.com\\\/?s={search_term_string}\"},\"query-input\":{\"@type\":\"PropertyValueSpecification\",\"valueRequired\":true,\"valueName\":\"search_term_string\"}}],\"inLanguage\":\"fr-BE\"},{\"@type\":\"Organization\",\"@id\":\"https:\\\/\\\/cfmotobenelux.com\\\/#organization\",\"name\":\"CFMOTO Benelux\",\"alternateName\":\"CFMOTO - motorfietsen voor rijders die kracht, controle en comfort eisen.\",\"url\":\"https:\\\/\\\/cfmotobenelux.com\\\/\",\"logo\":{\"@type\":\"ImageObject\",\"inLanguage\":\"fr-BE\",\"@id\":\"https:\\\/\\\/cfmotobenelux.com\\\/#\\\/schema\\\/logo\\\/image\\\/\",\"url\":\"https:\\\/\\\/cfmotobenelux.com\\\/wp-content\\\/uploads\\\/2024\\\/06\\\/cfmoto-benelux-logo.jpg\",\"contentUrl\":\"https:\\\/\\\/cfmotobenelux.com\\\/wp-content\\\/uploads\\\/2024\\\/06\\\/cfmoto-benelux-logo.jpg\",\"width\":1200,\"height\":1200,\"caption\":\"CFMOTO Benelux\"},\"image\":{\"@id\":\"https:\\\/\\\/cfmotobenelux.com\\\/#\\\/schema\\\/logo\\\/image\\\/\"},\"sameAs\":[\"https:\\\/\\\/www.facebook.com\\\/cfmotobeneluxmoto\"]}]}<\/script>\n<meta property=\"product:price:amount\" content=\"39.95\" \/>\n<meta property=\"product:price:currency\" content=\"EUR\" \/>\n<meta property=\"og:availability\" content=\"out of stock\" \/>\n<meta property=\"product:availability\" content=\"out of stock\" \/>\n<meta property=\"product:retailer_item_id\" content=\"6WXV-802500-2000\" \/>\n<meta property=\"product:condition\" content=\"new\" \/>\n<!-- \/ Yoast SEO Premium plugin. -->","yoast_head_json":{"title":"Protecteur d'\u00e9trier de frein arri\u00e8re - RVS | 1000MT-X - CFMOTO Benelux","description":"Prot\u00e9gez l'\u00e9trier de votre 1000MT-X avec le Protecteur d'\u00e9trier arri\u00e8re - acier inoxydable | 1000MT-X. Profitez d'une durabilit\u00e9 et d'une stabilit\u00e9 accrues !","robots":{"index":"index","follow":"follow","max-snippet":"max-snippet:-1","max-image-preview":"max-image-preview:large","max-video-preview":"max-video-preview:-1"},"canonical":"https:\/\/cfmotobenelux.com\/fr\/produit\/achterremklauw-beschermer-rvs-1000mt-x\/","og_locale":"fr_FR","og_type":"article","og_title":"Achterremklauw Beschermer \u2013 RVS | 1000MT-X","og_description":"Bescherm de remklauw van je 1000MT-X met de Achterremklauw Beschermer \u2013 RVS | 1000MT-X. Geniet van extra duurzaamheid en stabiliteit!","og_url":"https:\/\/cfmotobenelux.com\/fr\/produit\/achterremklauw-beschermer-rvs-1000mt-x\/","og_site_name":"CFMOTO Benelux","article_publisher":"https:\/\/www.facebook.com\/cfmotobeneluxmoto","article_modified_time":"2026-02-12T08:57:53+00:00","og_image":[{"width":1124,"height":577,"url":"https:\/\/cfmotobenelux.com\/wp-content\/uploads\/2025\/12\/Schermafbeelding-2025-12-23-180533.jpg","type":"image\/jpeg"}],"twitter_card":"summary_large_image","twitter_misc":{"Price":"&euro;&nbsp;39,95","Availability":"Out of stock"},"schema":{"@context":"https:\/\/schema.org","@graph":[{"@type":"WebPage","@id":"https:\/\/cfmotobenelux.com\/product\/achterremklauw-beschermer-rvs-1000mt-x\/","url":"https:\/\/cfmotobenelux.com\/product\/achterremklauw-beschermer-rvs-1000mt-x\/","name":"Protecteur d'\u00e9trier de frein arri\u00e8re - RVS | 1000MT-X - CFMOTO Benelux","isPartOf":{"@id":"https:\/\/cfmotobenelux.com\/#website"},"primaryImageOfPage":{"@id":"https:\/\/cfmotobenelux.com\/product\/achterremklauw-beschermer-rvs-1000mt-x\/#primaryimage"},"image":{"@id":"https:\/\/cfmotobenelux.com\/product\/achterremklauw-beschermer-rvs-1000mt-x\/#primaryimage"},"thumbnailUrl":"https:\/\/cfmotobenelux.com\/wp-content\/uploads\/2025\/12\/Schermafbeelding-2025-12-23-180533.jpg","datePublished":"2026-02-11T13:31:32+00:00","dateModified":"2026-02-12T08:57:53+00:00","description":"Prot\u00e9gez l'\u00e9trier de votre 1000MT-X avec le Protecteur d'\u00e9trier arri\u00e8re - acier inoxydable | 1000MT-X. Profitez d'une durabilit\u00e9 et d'une stabilit\u00e9 accrues !","breadcrumb":{"@id":"https:\/\/cfmotobenelux.com\/product\/achterremklauw-beschermer-rvs-1000mt-x\/#breadcrumb"},"inLanguage":"fr-BE","potentialAction":[{"@type":"ReadAction","target":["https:\/\/cfmotobenelux.com\/product\/achterremklauw-beschermer-rvs-1000mt-x\/"]}]},{"@type":"ImageObject","inLanguage":"fr-BE","@id":"https:\/\/cfmotobenelux.com\/product\/achterremklauw-beschermer-rvs-1000mt-x\/#primaryimage","url":"https:\/\/cfmotobenelux.com\/wp-content\/uploads\/2025\/12\/Schermafbeelding-2025-12-23-180533.jpg","contentUrl":"https:\/\/cfmotobenelux.com\/wp-content\/uploads\/2025\/12\/Schermafbeelding-2025-12-23-180533.jpg","width":1124,"height":577,"caption":"Achterremklauw Beschermer \u2013 RVS | 1000MT-X"},{"@type":"BreadcrumbList","@id":"https:\/\/cfmotobenelux.com\/product\/achterremklauw-beschermer-rvs-1000mt-x\/#breadcrumb","itemListElement":[{"@type":"ListItem","position":1,"name":"Home","item":"https:\/\/cfmotobenelux.com\/"},{"@type":"ListItem","position":2,"name":"Shop","item":"https:\/\/cfmotobenelux.com\/shop\/"},{"@type":"ListItem","position":3,"name":"Motoraccessoires","item":"https:\/\/cfmotobenelux.com\/product-category\/motoraccessoires\/"},{"@type":"ListItem","position":4,"name":"Achterremklauw Beschermer \u2013 RVS | 1000MT-X"}]},{"@type":"WebSite","@id":"https:\/\/cfmotobenelux.com\/#website","url":"https:\/\/cfmotobenelux.com\/","name":"CFMOTO Benelux","description":"Experience more together","publisher":{"@id":"https:\/\/cfmotobenelux.com\/#organization"},"alternateName":"CFMOTO motorfietsen offici\u00eble website Benelux.","potentialAction":[{"@type":"SearchAction","target":{"@type":"EntryPoint","urlTemplate":"https:\/\/cfmotobenelux.com\/?s={search_term_string}"},"query-input":{"@type":"PropertyValueSpecification","valueRequired":true,"valueName":"search_term_string"}}],"inLanguage":"fr-BE"},{"@type":"Organization","@id":"https:\/\/cfmotobenelux.com\/#organization","name":"CFMOTO Benelux","alternateName":"CFMOTO - motorfietsen voor rijders die kracht, controle en comfort eisen.","url":"https:\/\/cfmotobenelux.com\/","logo":{"@type":"ImageObject","inLanguage":"fr-BE","@id":"https:\/\/cfmotobenelux.com\/#\/schema\/logo\/image\/","url":"https:\/\/cfmotobenelux.com\/wp-content\/uploads\/2024\/06\/cfmoto-benelux-logo.jpg","contentUrl":"https:\/\/cfmotobenelux.com\/wp-content\/uploads\/2024\/06\/cfmoto-benelux-logo.jpg","width":1200,"height":1200,"caption":"CFMOTO Benelux"},"image":{"@id":"https:\/\/cfmotobenelux.com\/#\/schema\/logo\/image\/"},"sameAs":["https:\/\/www.facebook.com\/cfmotobeneluxmoto"]}]},"product_price_amount":"39.95","product_price_currency":"EUR","og_availability":"out of stock","product_availability":"out of stock","product_retailer_item_id":"6WXV-802500-2000","product_condition":"new"},"_links":{"self":[{"href":"https:\/\/cfmotobenelux.com\/fr\/wp-json\/wp\/v2\/product\/7644","targetHints":{"allow":["GET"]}}],"collection":[{"href":"https:\/\/cfmotobenelux.com\/fr\/wp-json\/wp\/v2\/product"}],"about":[{"href":"https:\/\/cfmotobenelux.com\/fr\/wp-json\/wp\/v2\/types\/product"}],"replies":[{"embeddable":true,"href":"https:\/\/cfmotobenelux.com\/fr\/wp-json\/wp\/v2\/comments?post=7644"}],"wp:featuredmedia":[{"embeddable":true,"href":"https:\/\/cfmotobenelux.com\/fr\/wp-json\/wp\/v2\/media\/7645"}],"wp:attachment":[{"href":"https:\/\/cfmotobenelux.com\/fr\/wp-json\/wp\/v2\/media?parent=7644"}],"wp:term":[{"taxonomy":"product_brand","embeddable":true,"href":"https:\/\/cfmotobenelux.com\/fr\/wp-json\/wp\/v2\/product_brand?post=7644"},{"taxonomy":"product_cat","embeddable":true,"href":"https:\/\/cfmotobenelux.com\/fr\/wp-json\/wp\/v2\/product_cat?post=7644"},{"taxonomy":"product_tag","embeddable":true,"href":"https:\/\/cfmotobenelux.com\/fr\/wp-json\/wp\/v2\/product_tag?post=7644"}],"curies":[{"name":"wp","href":"https:\/\/api.w.org\/{rel}","templated":true}]}}