{"id":6509,"date":"2026-02-11T14:31:17","date_gmt":"2026-02-11T13:31:17","guid":{"rendered":"https:\/\/cfmotobenelux.com\/?post_type=product&#038;p=6509"},"modified":"2026-04-16T11:32:40","modified_gmt":"2026-04-16T09:32:40","slug":"cfmoto-heren-lichtgewicht-donsvest","status":"publish","type":"product","link":"https:\/\/cfmotobenelux.com\/fr\/produit\/cfmoto-heren-lichtgewicht-donsvest\/","title":{"rendered":"Veste l\u00e9g\u00e8re en duvet pour hommes CFMOTO"},"content":{"rendered":"<div id=\"model-response-message-contentr_dbdc984ef2a5c373\" class=\"markdown markdown-main-panel stronger enable-updated-hr-color\" dir=\"ltr\">\n<h2>Veste l\u00e9g\u00e8re en duvet pour hommes CFMOTO<\/h2>\n<p>Cette veste en duvet ultra-l\u00e9g\u00e8re pour hommes est la couche interm\u00e9diaire id\u00e9ale pour les journ\u00e9es froides ou une couche suppl\u00e9mentaire pratique pour les voyages. La veste combine chaleur, poids minimal et design compact. CFMOTO propose d\u00e9sormais une version de cette veste : la veste en duvet l\u00e9g\u00e8re CFMOTO pour hommes.<\/p>\n<p><b>Caract\u00e9ristiques :<\/b><\/p>\n<ul>\n<li><b>Rembourrage de qualit\u00e9 sup\u00e9rieure :<\/b> Rempli de <b>Duvet de canard de haute qualit\u00e9 80\/20<\/b>, La veste en duvet CFMOTO pour homme est l\u00e9g\u00e8re et id\u00e9ale pour un usage quotidien. La veste en duvet CFMOTO pour homme est donc id\u00e9ale pour une utilisation quotidienne.<\/li>\n<li><b>Tissu l\u00e9ger :<\/b> Fabriqu\u00e9 en <b>100% Nylon 20D<\/b>. Il s'agit d'un tissu fin et doux sp\u00e9cialement con\u00e7u pour emp\u00eacher le duvet de passer \u00e0 travers.<\/li>\n<li><b>Compact et portable :<\/b> Gr\u00e2ce \u00e0 la <b>ultra-l\u00e9ger<\/b> Gr\u00e2ce \u00e0 sa conception, la veste peut \u00eatre facilement rang\u00e9e dans la poche de rangement incluse dans la poche gauche. Id\u00e9al pour les voyages.<\/li>\n<li><b>D\u00e9tails \u00e9l\u00e9gants :<\/b> Les bords des emmanchures sont termin\u00e9s par une bande de nylon \u00e9lastique noire. Sur celle-ci se trouve subtilement le <b>Logo CFMOTO<\/b> pour une finition sophistiqu\u00e9e.<\/li>\n<\/ul>\n<\/div>","protected":false},"excerpt":{"rendered":"<p>CFMOTO Heren Lichtgewicht Donsvest Dit ultra-lichtgewicht donsvest voor heren is de perfecte tussenlaag voor koude dagen of een handige extra laag voor onderweg. Het vest combineert warmte met een minimaal gewicht en een compact ontwerp. Nu biedt CFMOTO een versie van dit vest aan: het CFMOTO donsvest heren lichtgewicht. Kenmerken: Premium Vulling: Gevuld met 80\/20 [&hellip;]<\/p>\n","protected":false},"featured_media":6510,"comment_status":"closed","ping_status":"closed","template":"","meta":{"_acf_changed":false,"inline_featured_image":false},"product_brand":[],"product_cat":[53],"product_tag":[],"class_list":{"0":"post-6509","1":"product","2":"type-product","3":"status-publish","4":"has-post-thumbnail","6":"product_cat-lifestyle","8":"first","9":"instock","10":"taxable","11":"shipping-taxable","12":"purchasable","13":"product-type-variable"},"exclude_global_add_ons":[],"addons":[],"acf":[],"yoast_head":"<!-- This site is optimized with the Yoast SEO Premium plugin v27.3 (Yoast SEO v27.3) - https:\/\/yoast.com\/product\/yoast-seo-premium-wordpress\/ -->\n<title>CFMOTO Heren Lichtgewicht Donsvest - CFMOTO Benelux<\/title>\n<meta name=\"description\" content=\"Ervaar ultieme warmte zonder het gewicht met het CFMOTO donsvest heren lichtgewicht. Perfect als tussenlaag voor koude dagen!\" \/>\n<meta name=\"robots\" content=\"index, follow, max-snippet:-1, max-image-preview:large, max-video-preview:-1\" \/>\n<link rel=\"canonical\" href=\"https:\/\/cfmotobenelux.com\/fr\/produit\/cfmoto-heren-lichtgewicht-donsvest\/\" \/>\n<meta property=\"og:locale\" content=\"fr_FR\" \/>\n<meta property=\"og:type\" content=\"article\" \/>\n<meta property=\"og:title\" content=\"CFMOTO Heren Lichtgewicht Donsvest\" \/>\n<meta property=\"og:description\" content=\"Ervaar ultieme warmte zonder het gewicht met het CFMOTO donsvest heren lichtgewicht. Perfect als tussenlaag voor koude dagen!\" \/>\n<meta property=\"og:url\" content=\"https:\/\/cfmotobenelux.com\/fr\/produit\/cfmoto-heren-lichtgewicht-donsvest\/\" \/>\n<meta property=\"og:site_name\" content=\"CFMOTO Benelux\" \/>\n<meta property=\"article:publisher\" content=\"https:\/\/www.facebook.com\/cfmotobeneluxmoto\" \/>\n<meta property=\"article:modified_time\" content=\"2026-04-16T09:32:40+00:00\" \/>\n<meta property=\"og:image\" content=\"https:\/\/cfmotobenelux.com\/wp-content\/uploads\/2025\/09\/724c4a6a0c3d4b3e2c194d2c50105603.jpg\" \/>\n\t<meta property=\"og:image:width\" content=\"1349\" \/>\n\t<meta property=\"og:image:height\" content=\"1600\" \/>\n\t<meta property=\"og:image:type\" content=\"image\/jpeg\" \/>\n<meta name=\"twitter:card\" content=\"summary_large_image\" \/>\n<meta name=\"twitter:label1\" content=\"Availability\" \/>\n\t<meta name=\"twitter:data1\" content=\"In stock\" \/>\n<script type=\"application\/ld+json\" class=\"yoast-schema-graph\">{\"@context\":\"https:\\\/\\\/schema.org\",\"@graph\":[{\"@type\":\"WebPage\",\"@id\":\"https:\\\/\\\/cfmotobenelux.com\\\/product\\\/cfmoto-heren-lichtgewicht-donsvest\\\/\",\"url\":\"https:\\\/\\\/cfmotobenelux.com\\\/product\\\/cfmoto-heren-lichtgewicht-donsvest\\\/\",\"name\":\"CFMOTO Heren Lichtgewicht Donsvest - CFMOTO Benelux\",\"isPartOf\":{\"@id\":\"https:\\\/\\\/cfmotobenelux.com\\\/#website\"},\"primaryImageOfPage\":{\"@id\":\"https:\\\/\\\/cfmotobenelux.com\\\/product\\\/cfmoto-heren-lichtgewicht-donsvest\\\/#primaryimage\"},\"image\":{\"@id\":\"https:\\\/\\\/cfmotobenelux.com\\\/product\\\/cfmoto-heren-lichtgewicht-donsvest\\\/#primaryimage\"},\"thumbnailUrl\":\"https:\\\/\\\/cfmotobenelux.com\\\/wp-content\\\/uploads\\\/2025\\\/09\\\/724c4a6a0c3d4b3e2c194d2c50105603.jpg\",\"datePublished\":\"2026-02-11T13:31:17+00:00\",\"dateModified\":\"2026-04-16T09:32:40+00:00\",\"description\":\"Ervaar ultieme warmte zonder het gewicht met het CFMOTO donsvest heren lichtgewicht. Perfect als tussenlaag voor koude dagen!\",\"breadcrumb\":{\"@id\":\"https:\\\/\\\/cfmotobenelux.com\\\/product\\\/cfmoto-heren-lichtgewicht-donsvest\\\/#breadcrumb\"},\"inLanguage\":\"fr-BE\",\"potentialAction\":[{\"@type\":\"ReadAction\",\"target\":[\"https:\\\/\\\/cfmotobenelux.com\\\/product\\\/cfmoto-heren-lichtgewicht-donsvest\\\/\"]}]},{\"@type\":\"ImageObject\",\"inLanguage\":\"fr-BE\",\"@id\":\"https:\\\/\\\/cfmotobenelux.com\\\/product\\\/cfmoto-heren-lichtgewicht-donsvest\\\/#primaryimage\",\"url\":\"https:\\\/\\\/cfmotobenelux.com\\\/wp-content\\\/uploads\\\/2025\\\/09\\\/724c4a6a0c3d4b3e2c194d2c50105603.jpg\",\"contentUrl\":\"https:\\\/\\\/cfmotobenelux.com\\\/wp-content\\\/uploads\\\/2025\\\/09\\\/724c4a6a0c3d4b3e2c194d2c50105603.jpg\",\"width\":1349,\"height\":1600,\"caption\":\"CFMOTO donsvest heren lichtgewicht\"},{\"@type\":\"BreadcrumbList\",\"@id\":\"https:\\\/\\\/cfmotobenelux.com\\\/product\\\/cfmoto-heren-lichtgewicht-donsvest\\\/#breadcrumb\",\"itemListElement\":[{\"@type\":\"ListItem\",\"position\":1,\"name\":\"Home\",\"item\":\"https:\\\/\\\/cfmotobenelux.com\\\/\"},{\"@type\":\"ListItem\",\"position\":2,\"name\":\"Shop\",\"item\":\"https:\\\/\\\/cfmotobenelux.com\\\/shop\\\/\"},{\"@type\":\"ListItem\",\"position\":3,\"name\":\"Lifestyle\",\"item\":\"https:\\\/\\\/cfmotobenelux.com\\\/product-category\\\/lifestyle\\\/\"},{\"@type\":\"ListItem\",\"position\":4,\"name\":\"CFMOTO Heren Lichtgewicht Donsvest\"}]},{\"@type\":\"WebSite\",\"@id\":\"https:\\\/\\\/cfmotobenelux.com\\\/#website\",\"url\":\"https:\\\/\\\/cfmotobenelux.com\\\/\",\"name\":\"CFMOTO Benelux\",\"description\":\"Experience more together\",\"publisher\":{\"@id\":\"https:\\\/\\\/cfmotobenelux.com\\\/#organization\"},\"alternateName\":\"CFMOTO motorfietsen offici\u00eble website Benelux.\",\"potentialAction\":[{\"@type\":\"SearchAction\",\"target\":{\"@type\":\"EntryPoint\",\"urlTemplate\":\"https:\\\/\\\/cfmotobenelux.com\\\/?s={search_term_string}\"},\"query-input\":{\"@type\":\"PropertyValueSpecification\",\"valueRequired\":true,\"valueName\":\"search_term_string\"}}],\"inLanguage\":\"fr-BE\"},{\"@type\":\"Organization\",\"@id\":\"https:\\\/\\\/cfmotobenelux.com\\\/#organization\",\"name\":\"CFMOTO Benelux\",\"alternateName\":\"CFMOTO - motorfietsen voor rijders die kracht, controle en comfort eisen.\",\"url\":\"https:\\\/\\\/cfmotobenelux.com\\\/\",\"logo\":{\"@type\":\"ImageObject\",\"inLanguage\":\"fr-BE\",\"@id\":\"https:\\\/\\\/cfmotobenelux.com\\\/#\\\/schema\\\/logo\\\/image\\\/\",\"url\":\"https:\\\/\\\/cfmotobenelux.com\\\/wp-content\\\/uploads\\\/2024\\\/06\\\/cfmoto-benelux-logo.jpg\",\"contentUrl\":\"https:\\\/\\\/cfmotobenelux.com\\\/wp-content\\\/uploads\\\/2024\\\/06\\\/cfmoto-benelux-logo.jpg\",\"width\":1200,\"height\":1200,\"caption\":\"CFMOTO Benelux\"},\"image\":{\"@id\":\"https:\\\/\\\/cfmotobenelux.com\\\/#\\\/schema\\\/logo\\\/image\\\/\"},\"sameAs\":[\"https:\\\/\\\/www.facebook.com\\\/cfmotobeneluxmoto\"]}]}<\/script>\n<meta property=\"og:availability\" content=\"instock\" \/>\n<meta property=\"product:availability\" content=\"instock\" \/>\n<meta property=\"product:condition\" content=\"new\" \/>\n<!-- \/ Yoast SEO Premium plugin. -->","yoast_head_json":{"title":"Veste l\u00e9g\u00e8re en duvet pour hommes de CFMOTO - CFMOTO Benelux","description":"Faites l'exp\u00e9rience de la chaleur ultime sans le poids avec la veste en duvet CFMOTO l\u00e9g\u00e8re pour homme. Parfait comme couche interm\u00e9diaire pour les jours froids !","robots":{"index":"index","follow":"follow","max-snippet":"max-snippet:-1","max-image-preview":"max-image-preview:large","max-video-preview":"max-video-preview:-1"},"canonical":"https:\/\/cfmotobenelux.com\/fr\/produit\/cfmoto-heren-lichtgewicht-donsvest\/","og_locale":"fr_FR","og_type":"article","og_title":"CFMOTO Heren Lichtgewicht Donsvest","og_description":"Ervaar ultieme warmte zonder het gewicht met het CFMOTO donsvest heren lichtgewicht. Perfect als tussenlaag voor koude dagen!","og_url":"https:\/\/cfmotobenelux.com\/fr\/produit\/cfmoto-heren-lichtgewicht-donsvest\/","og_site_name":"CFMOTO Benelux","article_publisher":"https:\/\/www.facebook.com\/cfmotobeneluxmoto","article_modified_time":"2026-04-16T09:32:40+00:00","og_image":[{"width":1349,"height":1600,"url":"https:\/\/cfmotobenelux.com\/wp-content\/uploads\/2025\/09\/724c4a6a0c3d4b3e2c194d2c50105603.jpg","type":"image\/jpeg"}],"twitter_card":"summary_large_image","twitter_misc":{"Availability":"In stock"},"schema":{"@context":"https:\/\/schema.org","@graph":[{"@type":"WebPage","@id":"https:\/\/cfmotobenelux.com\/product\/cfmoto-heren-lichtgewicht-donsvest\/","url":"https:\/\/cfmotobenelux.com\/product\/cfmoto-heren-lichtgewicht-donsvest\/","name":"Veste l\u00e9g\u00e8re en duvet pour hommes de CFMOTO - CFMOTO Benelux","isPartOf":{"@id":"https:\/\/cfmotobenelux.com\/#website"},"primaryImageOfPage":{"@id":"https:\/\/cfmotobenelux.com\/product\/cfmoto-heren-lichtgewicht-donsvest\/#primaryimage"},"image":{"@id":"https:\/\/cfmotobenelux.com\/product\/cfmoto-heren-lichtgewicht-donsvest\/#primaryimage"},"thumbnailUrl":"https:\/\/cfmotobenelux.com\/wp-content\/uploads\/2025\/09\/724c4a6a0c3d4b3e2c194d2c50105603.jpg","datePublished":"2026-02-11T13:31:17+00:00","dateModified":"2026-04-16T09:32:40+00:00","description":"Faites l'exp\u00e9rience de la chaleur ultime sans le poids avec la veste en duvet CFMOTO l\u00e9g\u00e8re pour homme. Parfait comme couche interm\u00e9diaire pour les jours froids !","breadcrumb":{"@id":"https:\/\/cfmotobenelux.com\/product\/cfmoto-heren-lichtgewicht-donsvest\/#breadcrumb"},"inLanguage":"fr-BE","potentialAction":[{"@type":"ReadAction","target":["https:\/\/cfmotobenelux.com\/product\/cfmoto-heren-lichtgewicht-donsvest\/"]}]},{"@type":"ImageObject","inLanguage":"fr-BE","@id":"https:\/\/cfmotobenelux.com\/product\/cfmoto-heren-lichtgewicht-donsvest\/#primaryimage","url":"https:\/\/cfmotobenelux.com\/wp-content\/uploads\/2025\/09\/724c4a6a0c3d4b3e2c194d2c50105603.jpg","contentUrl":"https:\/\/cfmotobenelux.com\/wp-content\/uploads\/2025\/09\/724c4a6a0c3d4b3e2c194d2c50105603.jpg","width":1349,"height":1600,"caption":"CFMOTO donsvest heren lichtgewicht"},{"@type":"BreadcrumbList","@id":"https:\/\/cfmotobenelux.com\/product\/cfmoto-heren-lichtgewicht-donsvest\/#breadcrumb","itemListElement":[{"@type":"ListItem","position":1,"name":"Home","item":"https:\/\/cfmotobenelux.com\/"},{"@type":"ListItem","position":2,"name":"Shop","item":"https:\/\/cfmotobenelux.com\/shop\/"},{"@type":"ListItem","position":3,"name":"Lifestyle","item":"https:\/\/cfmotobenelux.com\/product-category\/lifestyle\/"},{"@type":"ListItem","position":4,"name":"CFMOTO Heren Lichtgewicht Donsvest"}]},{"@type":"WebSite","@id":"https:\/\/cfmotobenelux.com\/#website","url":"https:\/\/cfmotobenelux.com\/","name":"CFMOTO Benelux","description":"Experience more together","publisher":{"@id":"https:\/\/cfmotobenelux.com\/#organization"},"alternateName":"CFMOTO motorfietsen offici\u00eble website Benelux.","potentialAction":[{"@type":"SearchAction","target":{"@type":"EntryPoint","urlTemplate":"https:\/\/cfmotobenelux.com\/?s={search_term_string}"},"query-input":{"@type":"PropertyValueSpecification","valueRequired":true,"valueName":"search_term_string"}}],"inLanguage":"fr-BE"},{"@type":"Organization","@id":"https:\/\/cfmotobenelux.com\/#organization","name":"CFMOTO Benelux","alternateName":"CFMOTO - motorfietsen voor rijders die kracht, controle en comfort eisen.","url":"https:\/\/cfmotobenelux.com\/","logo":{"@type":"ImageObject","inLanguage":"fr-BE","@id":"https:\/\/cfmotobenelux.com\/#\/schema\/logo\/image\/","url":"https:\/\/cfmotobenelux.com\/wp-content\/uploads\/2024\/06\/cfmoto-benelux-logo.jpg","contentUrl":"https:\/\/cfmotobenelux.com\/wp-content\/uploads\/2024\/06\/cfmoto-benelux-logo.jpg","width":1200,"height":1200,"caption":"CFMOTO Benelux"},"image":{"@id":"https:\/\/cfmotobenelux.com\/#\/schema\/logo\/image\/"},"sameAs":["https:\/\/www.facebook.com\/cfmotobeneluxmoto"]}]},"og_availability":"instock","product_availability":"instock","product_condition":"new"},"_links":{"self":[{"href":"https:\/\/cfmotobenelux.com\/fr\/wp-json\/wp\/v2\/product\/6509","targetHints":{"allow":["GET"]}}],"collection":[{"href":"https:\/\/cfmotobenelux.com\/fr\/wp-json\/wp\/v2\/product"}],"about":[{"href":"https:\/\/cfmotobenelux.com\/fr\/wp-json\/wp\/v2\/types\/product"}],"replies":[{"embeddable":true,"href":"https:\/\/cfmotobenelux.com\/fr\/wp-json\/wp\/v2\/comments?post=6509"}],"wp:featuredmedia":[{"embeddable":true,"href":"https:\/\/cfmotobenelux.com\/fr\/wp-json\/wp\/v2\/media\/6510"}],"wp:attachment":[{"href":"https:\/\/cfmotobenelux.com\/fr\/wp-json\/wp\/v2\/media?parent=6509"}],"wp:term":[{"taxonomy":"product_brand","embeddable":true,"href":"https:\/\/cfmotobenelux.com\/fr\/wp-json\/wp\/v2\/product_brand?post=6509"},{"taxonomy":"product_cat","embeddable":true,"href":"https:\/\/cfmotobenelux.com\/fr\/wp-json\/wp\/v2\/product_cat?post=6509"},{"taxonomy":"product_tag","embeddable":true,"href":"https:\/\/cfmotobenelux.com\/fr\/wp-json\/wp\/v2\/product_tag?post=6509"}],"curies":[{"name":"wp","href":"https:\/\/api.w.org\/{rel}","templated":true}]}}