{"id":6371,"date":"2026-02-11T14:31:04","date_gmt":"2026-02-11T13:31:04","guid":{"rendered":"https:\/\/cfmotobenelux.com\/?post_type=product&#038;p=6371"},"modified":"2026-04-20T10:52:55","modified_gmt":"2026-04-20T08:52:55","slug":"cfmoto-hoodie-grijs","status":"publish","type":"product","link":"https:\/\/cfmotobenelux.com\/fr\/produit\/cfmoto-hoodie-grijs\/","title":{"rendered":"Sweat \u00e0 capuche CFMOTO - Gris"},"content":{"rendered":"<div id=\"model-response-message-contentr_48fac76dc465af60\" class=\"markdown markdown-main-panel stronger enable-updated-hr-color\" dir=\"ltr\">\n<h2>Sweat \u00e0 capuche CFMOTO - Gris<\/h2>\n<p>Ce sweat \u00e0 capuche gris est un compl\u00e9ment polyvalent et confortable \u00e0 votre garde-robe. Ce pull allie un look d\u00e9contract\u00e9 \u00e0 la fonctionnalit\u00e9 n\u00e9cessaire, ce qui le rend parfait pour une utilisation quotidienne.<\/p>\n<p><b>Caract\u00e9ristiques :<\/b><\/p>\n<ul>\n<li><b>Mat\u00e9riau :<\/b> Le sweat \u00e0 capuche est compos\u00e9 d'un m\u00e9lange de <b>65% coton et 35% polyester<\/b>, Le tissu est \u00e9galement infroissable, l\u00e9ger, chaud et antistatique. Le tissu est \u00e9galement infroissable, l\u00e9ger, chaud et antistatique.<\/li>\n<li><b>Design \u00e9l\u00e9gant :<\/b> La face avant pr\u00e9sente un grand panneau, qui attire l'attention. <b>CFMOTO<\/b>-logo. Le sweat \u00e0 capuche est ainsi reconnaissable et \u00e0 la mode.<\/li>\n<li><b>En forme :<\/b> Le sweat \u00e0 capuche est confortable et bien ajust\u00e9. La conception du sweat \u00e0 capuche offre une protection suppl\u00e9mentaire contre le vent et vous garde au chaud.<\/li>\n<\/ul>\n<\/div>","protected":false},"excerpt":{"rendered":"<p>CFMOTO Hoodie - Grijs Deze grijze hoodie is een veelzijdige en comfortabele toevoeging aan je garderobe. De trui combineert een casual uitstraling met de nodige functionaliteit, perfect voor dagelijks gebruik. Kenmerken: Materiaal: De hoodie is gemaakt van een mix van 65% katoen en 35% polyester, wat zorgt voor een zachte en duurzame stof. De stof [&hellip;]<\/p>\n","protected":false},"featured_media":6379,"comment_status":"closed","ping_status":"closed","template":"","meta":{"_acf_changed":false,"inline_featured_image":false},"product_brand":[],"product_cat":[53],"product_tag":[],"class_list":{"0":"post-6371","1":"product","2":"type-product","3":"status-publish","4":"has-post-thumbnail","6":"product_cat-lifestyle","8":"first","9":"instock","10":"taxable","11":"shipping-taxable","12":"purchasable","13":"product-type-variable"},"exclude_global_add_ons":[],"addons":[],"acf":[],"yoast_head":"<!-- This site is optimized with the Yoast SEO Premium plugin v27.3 (Yoast SEO v27.3) - https:\/\/yoast.com\/product\/yoast-seo-premium-wordpress\/ -->\n<title>CFMOTO Hoodie - Grijs - CFMOTO Benelux<\/title>\n<meta name=\"description\" content=\"Voeg stijl en comfort toe aan je outfit met de CFMOTO Hoodie - Grijs. Ideaal voor dagelijks gebruik, koop hem snel voor een casual look!\" \/>\n<meta name=\"robots\" content=\"index, follow, max-snippet:-1, max-image-preview:large, max-video-preview:-1\" \/>\n<link rel=\"canonical\" href=\"https:\/\/cfmotobenelux.com\/fr\/produit\/cfmoto-hoodie-grijs\/\" \/>\n<meta property=\"og:locale\" content=\"fr_FR\" \/>\n<meta property=\"og:type\" content=\"article\" \/>\n<meta property=\"og:title\" content=\"CFMOTO Hoodie - Grijs\" \/>\n<meta property=\"og:description\" content=\"Voeg stijl en comfort toe aan je outfit met de CFMOTO Hoodie - Grijs. Ideaal voor dagelijks gebruik, koop hem snel voor een casual look!\" \/>\n<meta property=\"og:url\" content=\"https:\/\/cfmotobenelux.com\/fr\/produit\/cfmoto-hoodie-grijs\/\" \/>\n<meta property=\"og:site_name\" content=\"CFMOTO Benelux\" \/>\n<meta property=\"article:publisher\" content=\"https:\/\/www.facebook.com\/cfmotobeneluxmoto\" \/>\n<meta property=\"article:modified_time\" content=\"2026-04-20T08:52:55+00:00\" \/>\n<meta property=\"og:image\" content=\"https:\/\/cfmotobenelux.com\/wp-content\/uploads\/2025\/09\/d6dfeef9a8a90058888a05687e923e51_6.jpg\" \/>\n\t<meta property=\"og:image:width\" content=\"618\" \/>\n\t<meta property=\"og:image:height\" content=\"704\" \/>\n\t<meta property=\"og:image:type\" content=\"image\/jpeg\" \/>\n<meta name=\"twitter:card\" content=\"summary_large_image\" \/>\n<meta name=\"twitter:label1\" content=\"Availability\" \/>\n\t<meta name=\"twitter:data1\" content=\"In stock\" \/>\n<script type=\"application\/ld+json\" class=\"yoast-schema-graph\">{\"@context\":\"https:\\\/\\\/schema.org\",\"@graph\":[{\"@type\":\"WebPage\",\"@id\":\"https:\\\/\\\/cfmotobenelux.com\\\/product\\\/cfmoto-hoodie-grijs\\\/\",\"url\":\"https:\\\/\\\/cfmotobenelux.com\\\/product\\\/cfmoto-hoodie-grijs\\\/\",\"name\":\"CFMOTO Hoodie - Grijs - CFMOTO Benelux\",\"isPartOf\":{\"@id\":\"https:\\\/\\\/cfmotobenelux.com\\\/#website\"},\"primaryImageOfPage\":{\"@id\":\"https:\\\/\\\/cfmotobenelux.com\\\/product\\\/cfmoto-hoodie-grijs\\\/#primaryimage\"},\"image\":{\"@id\":\"https:\\\/\\\/cfmotobenelux.com\\\/product\\\/cfmoto-hoodie-grijs\\\/#primaryimage\"},\"thumbnailUrl\":\"https:\\\/\\\/cfmotobenelux.com\\\/wp-content\\\/uploads\\\/2025\\\/09\\\/d6dfeef9a8a90058888a05687e923e51_6.jpg\",\"datePublished\":\"2026-02-11T13:31:04+00:00\",\"dateModified\":\"2026-04-20T08:52:55+00:00\",\"description\":\"Voeg stijl en comfort toe aan je outfit met de CFMOTO Hoodie - Grijs. Ideaal voor dagelijks gebruik, koop hem snel voor een casual look!\",\"breadcrumb\":{\"@id\":\"https:\\\/\\\/cfmotobenelux.com\\\/product\\\/cfmoto-hoodie-grijs\\\/#breadcrumb\"},\"inLanguage\":\"fr-BE\",\"potentialAction\":[{\"@type\":\"ReadAction\",\"target\":[\"https:\\\/\\\/cfmotobenelux.com\\\/product\\\/cfmoto-hoodie-grijs\\\/\"]}]},{\"@type\":\"ImageObject\",\"inLanguage\":\"fr-BE\",\"@id\":\"https:\\\/\\\/cfmotobenelux.com\\\/product\\\/cfmoto-hoodie-grijs\\\/#primaryimage\",\"url\":\"https:\\\/\\\/cfmotobenelux.com\\\/wp-content\\\/uploads\\\/2025\\\/09\\\/d6dfeef9a8a90058888a05687e923e51_6.jpg\",\"contentUrl\":\"https:\\\/\\\/cfmotobenelux.com\\\/wp-content\\\/uploads\\\/2025\\\/09\\\/d6dfeef9a8a90058888a05687e923e51_6.jpg\",\"width\":618,\"height\":704,\"caption\":\"CFMOTO Hoodie - Grijs\"},{\"@type\":\"BreadcrumbList\",\"@id\":\"https:\\\/\\\/cfmotobenelux.com\\\/product\\\/cfmoto-hoodie-grijs\\\/#breadcrumb\",\"itemListElement\":[{\"@type\":\"ListItem\",\"position\":1,\"name\":\"Home\",\"item\":\"https:\\\/\\\/cfmotobenelux.com\\\/\"},{\"@type\":\"ListItem\",\"position\":2,\"name\":\"Shop\",\"item\":\"https:\\\/\\\/cfmotobenelux.com\\\/shop\\\/\"},{\"@type\":\"ListItem\",\"position\":3,\"name\":\"Lifestyle\",\"item\":\"https:\\\/\\\/cfmotobenelux.com\\\/product-category\\\/lifestyle\\\/\"},{\"@type\":\"ListItem\",\"position\":4,\"name\":\"CFMOTO Hoodie - Grijs\"}]},{\"@type\":\"WebSite\",\"@id\":\"https:\\\/\\\/cfmotobenelux.com\\\/#website\",\"url\":\"https:\\\/\\\/cfmotobenelux.com\\\/\",\"name\":\"CFMOTO Benelux\",\"description\":\"Experience more together\",\"publisher\":{\"@id\":\"https:\\\/\\\/cfmotobenelux.com\\\/#organization\"},\"alternateName\":\"CFMOTO motorfietsen offici\u00eble website Benelux.\",\"potentialAction\":[{\"@type\":\"SearchAction\",\"target\":{\"@type\":\"EntryPoint\",\"urlTemplate\":\"https:\\\/\\\/cfmotobenelux.com\\\/?s={search_term_string}\"},\"query-input\":{\"@type\":\"PropertyValueSpecification\",\"valueRequired\":true,\"valueName\":\"search_term_string\"}}],\"inLanguage\":\"fr-BE\"},{\"@type\":\"Organization\",\"@id\":\"https:\\\/\\\/cfmotobenelux.com\\\/#organization\",\"name\":\"CFMOTO Benelux\",\"alternateName\":\"CFMOTO - motorfietsen voor rijders die kracht, controle en comfort eisen.\",\"url\":\"https:\\\/\\\/cfmotobenelux.com\\\/\",\"logo\":{\"@type\":\"ImageObject\",\"inLanguage\":\"fr-BE\",\"@id\":\"https:\\\/\\\/cfmotobenelux.com\\\/#\\\/schema\\\/logo\\\/image\\\/\",\"url\":\"https:\\\/\\\/cfmotobenelux.com\\\/wp-content\\\/uploads\\\/2024\\\/06\\\/cfmoto-benelux-logo.jpg\",\"contentUrl\":\"https:\\\/\\\/cfmotobenelux.com\\\/wp-content\\\/uploads\\\/2024\\\/06\\\/cfmoto-benelux-logo.jpg\",\"width\":1200,\"height\":1200,\"caption\":\"CFMOTO Benelux\"},\"image\":{\"@id\":\"https:\\\/\\\/cfmotobenelux.com\\\/#\\\/schema\\\/logo\\\/image\\\/\"},\"sameAs\":[\"https:\\\/\\\/www.facebook.com\\\/cfmotobeneluxmoto\"]}]}<\/script>\n<meta property=\"og:availability\" content=\"instock\" \/>\n<meta property=\"product:availability\" content=\"instock\" \/>\n<meta property=\"product:condition\" content=\"new\" \/>\n<!-- \/ Yoast SEO Premium plugin. -->","yoast_head_json":{"title":"CFMOTO Hoodie - Gris - CFMOTO Benelux","description":"Ajoutez du style et du confort \u00e0 votre tenue avec le sweat \u00e0 capuche CFMOTO - Grey. Id\u00e9al pour tous les jours, achetez-le vite pour un look d\u00e9contract\u00e9 !","robots":{"index":"index","follow":"follow","max-snippet":"max-snippet:-1","max-image-preview":"max-image-preview:large","max-video-preview":"max-video-preview:-1"},"canonical":"https:\/\/cfmotobenelux.com\/fr\/produit\/cfmoto-hoodie-grijs\/","og_locale":"fr_FR","og_type":"article","og_title":"CFMOTO Hoodie - Grijs","og_description":"Voeg stijl en comfort toe aan je outfit met de CFMOTO Hoodie - Grijs. Ideaal voor dagelijks gebruik, koop hem snel voor een casual look!","og_url":"https:\/\/cfmotobenelux.com\/fr\/produit\/cfmoto-hoodie-grijs\/","og_site_name":"CFMOTO Benelux","article_publisher":"https:\/\/www.facebook.com\/cfmotobeneluxmoto","article_modified_time":"2026-04-20T08:52:55+00:00","og_image":[{"width":618,"height":704,"url":"https:\/\/cfmotobenelux.com\/wp-content\/uploads\/2025\/09\/d6dfeef9a8a90058888a05687e923e51_6.jpg","type":"image\/jpeg"}],"twitter_card":"summary_large_image","twitter_misc":{"Availability":"In stock"},"schema":{"@context":"https:\/\/schema.org","@graph":[{"@type":"WebPage","@id":"https:\/\/cfmotobenelux.com\/product\/cfmoto-hoodie-grijs\/","url":"https:\/\/cfmotobenelux.com\/product\/cfmoto-hoodie-grijs\/","name":"CFMOTO Hoodie - Gris - CFMOTO Benelux","isPartOf":{"@id":"https:\/\/cfmotobenelux.com\/#website"},"primaryImageOfPage":{"@id":"https:\/\/cfmotobenelux.com\/product\/cfmoto-hoodie-grijs\/#primaryimage"},"image":{"@id":"https:\/\/cfmotobenelux.com\/product\/cfmoto-hoodie-grijs\/#primaryimage"},"thumbnailUrl":"https:\/\/cfmotobenelux.com\/wp-content\/uploads\/2025\/09\/d6dfeef9a8a90058888a05687e923e51_6.jpg","datePublished":"2026-02-11T13:31:04+00:00","dateModified":"2026-04-20T08:52:55+00:00","description":"Ajoutez du style et du confort \u00e0 votre tenue avec le sweat \u00e0 capuche CFMOTO - Grey. Id\u00e9al pour tous les jours, achetez-le vite pour un look d\u00e9contract\u00e9 !","breadcrumb":{"@id":"https:\/\/cfmotobenelux.com\/product\/cfmoto-hoodie-grijs\/#breadcrumb"},"inLanguage":"fr-BE","potentialAction":[{"@type":"ReadAction","target":["https:\/\/cfmotobenelux.com\/product\/cfmoto-hoodie-grijs\/"]}]},{"@type":"ImageObject","inLanguage":"fr-BE","@id":"https:\/\/cfmotobenelux.com\/product\/cfmoto-hoodie-grijs\/#primaryimage","url":"https:\/\/cfmotobenelux.com\/wp-content\/uploads\/2025\/09\/d6dfeef9a8a90058888a05687e923e51_6.jpg","contentUrl":"https:\/\/cfmotobenelux.com\/wp-content\/uploads\/2025\/09\/d6dfeef9a8a90058888a05687e923e51_6.jpg","width":618,"height":704,"caption":"CFMOTO Hoodie - Grijs"},{"@type":"BreadcrumbList","@id":"https:\/\/cfmotobenelux.com\/product\/cfmoto-hoodie-grijs\/#breadcrumb","itemListElement":[{"@type":"ListItem","position":1,"name":"Home","item":"https:\/\/cfmotobenelux.com\/"},{"@type":"ListItem","position":2,"name":"Shop","item":"https:\/\/cfmotobenelux.com\/shop\/"},{"@type":"ListItem","position":3,"name":"Lifestyle","item":"https:\/\/cfmotobenelux.com\/product-category\/lifestyle\/"},{"@type":"ListItem","position":4,"name":"CFMOTO Hoodie - Grijs"}]},{"@type":"WebSite","@id":"https:\/\/cfmotobenelux.com\/#website","url":"https:\/\/cfmotobenelux.com\/","name":"CFMOTO Benelux","description":"Experience more together","publisher":{"@id":"https:\/\/cfmotobenelux.com\/#organization"},"alternateName":"CFMOTO motorfietsen offici\u00eble website Benelux.","potentialAction":[{"@type":"SearchAction","target":{"@type":"EntryPoint","urlTemplate":"https:\/\/cfmotobenelux.com\/?s={search_term_string}"},"query-input":{"@type":"PropertyValueSpecification","valueRequired":true,"valueName":"search_term_string"}}],"inLanguage":"fr-BE"},{"@type":"Organization","@id":"https:\/\/cfmotobenelux.com\/#organization","name":"CFMOTO Benelux","alternateName":"CFMOTO - motorfietsen voor rijders die kracht, controle en comfort eisen.","url":"https:\/\/cfmotobenelux.com\/","logo":{"@type":"ImageObject","inLanguage":"fr-BE","@id":"https:\/\/cfmotobenelux.com\/#\/schema\/logo\/image\/","url":"https:\/\/cfmotobenelux.com\/wp-content\/uploads\/2024\/06\/cfmoto-benelux-logo.jpg","contentUrl":"https:\/\/cfmotobenelux.com\/wp-content\/uploads\/2024\/06\/cfmoto-benelux-logo.jpg","width":1200,"height":1200,"caption":"CFMOTO Benelux"},"image":{"@id":"https:\/\/cfmotobenelux.com\/#\/schema\/logo\/image\/"},"sameAs":["https:\/\/www.facebook.com\/cfmotobeneluxmoto"]}]},"og_availability":"instock","product_availability":"instock","product_condition":"new"},"_links":{"self":[{"href":"https:\/\/cfmotobenelux.com\/fr\/wp-json\/wp\/v2\/product\/6371","targetHints":{"allow":["GET"]}}],"collection":[{"href":"https:\/\/cfmotobenelux.com\/fr\/wp-json\/wp\/v2\/product"}],"about":[{"href":"https:\/\/cfmotobenelux.com\/fr\/wp-json\/wp\/v2\/types\/product"}],"replies":[{"embeddable":true,"href":"https:\/\/cfmotobenelux.com\/fr\/wp-json\/wp\/v2\/comments?post=6371"}],"wp:featuredmedia":[{"embeddable":true,"href":"https:\/\/cfmotobenelux.com\/fr\/wp-json\/wp\/v2\/media\/6379"}],"wp:attachment":[{"href":"https:\/\/cfmotobenelux.com\/fr\/wp-json\/wp\/v2\/media?parent=6371"}],"wp:term":[{"taxonomy":"product_brand","embeddable":true,"href":"https:\/\/cfmotobenelux.com\/fr\/wp-json\/wp\/v2\/product_brand?post=6371"},{"taxonomy":"product_cat","embeddable":true,"href":"https:\/\/cfmotobenelux.com\/fr\/wp-json\/wp\/v2\/product_cat?post=6371"},{"taxonomy":"product_tag","embeddable":true,"href":"https:\/\/cfmotobenelux.com\/fr\/wp-json\/wp\/v2\/product_tag?post=6371"}],"curies":[{"name":"wp","href":"https:\/\/api.w.org\/{rel}","templated":true}]}}