{"id":4988,"date":"2025-05-22T16:15:27","date_gmt":"2025-05-22T14:15:27","guid":{"rendered":"https:\/\/cfmotobenelux.com\/?post_type=product&#038;p=4988"},"modified":"2026-04-17T05:40:13","modified_gmt":"2026-04-17T03:40:13","slug":"450mt-verhoogd-zadel-rally-uitvoering","status":"publish","type":"product","link":"https:\/\/cfmotobenelux.com\/fr\/produit\/450mt-verhoogd-zadel-rally-uitvoering\/","title":{"rendered":"450MT Selle sur\u00e9lev\u00e9e Version rallye"},"content":{"rendered":"<p><strong>450MT Si\u00e8ge sur\u00e9lev\u00e9 - Version rallye<\/strong><br \/>\n<strong>Plus de hauteur, plus de contr\u00f4le, l'exp\u00e9rience du rallye \u00e0 l'\u00e9tat pur<\/strong><\/p>\n<p>La selle sur\u00e9lev\u00e9e en version Rallye pour la 450MT a \u00e9t\u00e9 d\u00e9velopp\u00e9e pour les pilotes qui exigent des performances maximales dans les conditions les plus difficiles. Gr\u00e2ce \u00e0 la hauteur d'assise accrue de 870 mm (+50 mm), cette selle offre plus d'espace pour les jambes. Vous b\u00e9n\u00e9ficiez ainsi d'un meilleur contr\u00f4le et d'une plus grande stabilit\u00e9, que vous soyez assis ou debout sur les repose-pieds.<\/p>\n<p>La version Rallye souligne la nature aventureuse de la moto. Son design robuste est con\u00e7u pour une utilisation tout-terrain et offre une durabilit\u00e9 sur laquelle vous pouvez compter. De plus, le look sportif de cette version cr\u00e9e une forte impression visuelle.<\/p>\n<p>Cette selle a \u00e9t\u00e9 d\u00e9velopp\u00e9e et test\u00e9e en m\u00eame temps que le v\u00e9hicule. Cela garantit un ajustement parfait et une int\u00e9gration parfaite au design de la moto.<\/p>\n<p><strong>Caract\u00e9ristiques principales :<\/strong><\/p>\n<ul>\n<li>Hauteur d'assise sur\u00e9lev\u00e9e de 870 mm pour plus de confort et de libert\u00e9 de mouvement<\/li>\n<li>Conception robuste pour une utilisation tout-terrain difficile<\/li>\n<li>Style rallye avec finition sportive<\/li>\n<li>Plus de contr\u00f4le et de stabilit\u00e9 en position debout<\/li>\n<li>D\u00e9velopp\u00e9 et test\u00e9 en coop\u00e9ration avec le v\u00e9hicule<\/li>\n<li>Excellente adaptation et compatibilit\u00e9 corporelle<\/li>\n<\/ul>\n<p>En bref, la version Rallye est id\u00e9ale pour ceux qui veulent repousser les limites sans compromettre le confort ou le style.<\/p>","protected":false},"excerpt":{"rendered":"<p>450MT Verhoogd Zadel \u2013 Rally Uitvoering Meer hoogte, meer controle, pure rally-ervaring Het verhoogde zadel in Rally uitvoering voor de 450MT is ontwikkeld voor rijders die maximale prestaties eisen onder de zwaarste omstandigheden. Dankzij de verhoogde zithoogte van 870 mm (+50 mm) biedt dit zadel meer beenruimte. Daardoor ervaar je meer controle en stabiliteit, zowel [&hellip;]<\/p>\n","protected":false},"featured_media":6001,"comment_status":"closed","ping_status":"closed","template":"","meta":{"_acf_changed":false,"inline_featured_image":false},"product_brand":[],"product_cat":[36],"product_tag":[54],"class_list":{"0":"post-4988","1":"product","2":"type-product","3":"status-publish","4":"has-post-thumbnail","6":"product_cat-motoraccessoires","7":"product_tag-450mt","9":"first","10":"outofstock","11":"taxable","12":"shipping-taxable","13":"purchasable","14":"product-type-simple"},"exclude_global_add_ons":[],"addons":[],"acf":[],"yoast_head":"<!-- This site is optimized with the Yoast SEO Premium plugin v27.3 (Yoast SEO v27.3) - https:\/\/yoast.com\/product\/yoast-seo-premium-wordpress\/ -->\n<title>450MT Verhoogd Zadel: Ultimate Comfort voor Rally - CFMOTO Benelux<\/title>\n<meta name=\"description\" content=\"Ervaar de ultieme controle met het 450MT Verhoogd zadel! Dit zadel combineert comfort en prestaties voor de echte rally-ervaring. \ud83c\udfcd\ufe0f\" \/>\n<meta name=\"robots\" content=\"index, follow, max-snippet:-1, max-image-preview:large, max-video-preview:-1\" \/>\n<link rel=\"canonical\" href=\"https:\/\/cfmotobenelux.com\/fr\/produit\/450mt-verhoogd-zadel-rally-uitvoering\/\" \/>\n<meta property=\"og:locale\" content=\"fr_FR\" \/>\n<meta property=\"og:type\" content=\"article\" \/>\n<meta property=\"og:title\" content=\"450MT Verhoogd zadel Rally uitvoering\" \/>\n<meta property=\"og:description\" content=\"Ervaar de ultieme controle met het 450MT Verhoogd zadel! Dit zadel combineert comfort en prestaties voor de echte rally-ervaring. \ud83c\udfcd\ufe0f\" \/>\n<meta property=\"og:url\" content=\"https:\/\/cfmotobenelux.com\/fr\/produit\/450mt-verhoogd-zadel-rally-uitvoering\/\" \/>\n<meta property=\"og:site_name\" content=\"CFMOTO Benelux\" \/>\n<meta property=\"article:publisher\" content=\"https:\/\/www.facebook.com\/cfmotobeneluxmoto\" \/>\n<meta property=\"article:modified_time\" content=\"2026-04-17T03:40:13+00:00\" \/>\n<meta property=\"og:image\" content=\"https:\/\/cfmotobenelux.com\/wp-content\/uploads\/2025\/05\/250516_Detail6.jpg\" \/>\n\t<meta property=\"og:image:width\" content=\"1600\" \/>\n\t<meta property=\"og:image:height\" content=\"1200\" \/>\n\t<meta property=\"og:image:type\" content=\"image\/jpeg\" \/>\n<meta name=\"twitter:card\" content=\"summary_large_image\" \/>\n<meta name=\"twitter:label1\" content=\"Price\" \/>\n\t<meta name=\"twitter:data1\" content=\"&euro;&nbsp;255,95\" \/>\n\t<meta name=\"twitter:label2\" content=\"Availability\" \/>\n\t<meta name=\"twitter:data2\" content=\"Out of stock\" \/>\n<script type=\"application\/ld+json\" class=\"yoast-schema-graph\">{\"@context\":\"https:\\\/\\\/schema.org\",\"@graph\":[{\"@type\":\"WebPage\",\"@id\":\"https:\\\/\\\/cfmotobenelux.com\\\/product\\\/450mt-verhoogd-zadel-rally-uitvoering\\\/\",\"url\":\"https:\\\/\\\/cfmotobenelux.com\\\/product\\\/450mt-verhoogd-zadel-rally-uitvoering\\\/\",\"name\":\"450MT Verhoogd Zadel: Ultimate Comfort voor Rally - CFMOTO Benelux\",\"isPartOf\":{\"@id\":\"https:\\\/\\\/cfmotobenelux.com\\\/#website\"},\"primaryImageOfPage\":{\"@id\":\"https:\\\/\\\/cfmotobenelux.com\\\/product\\\/450mt-verhoogd-zadel-rally-uitvoering\\\/#primaryimage\"},\"image\":{\"@id\":\"https:\\\/\\\/cfmotobenelux.com\\\/product\\\/450mt-verhoogd-zadel-rally-uitvoering\\\/#primaryimage\"},\"thumbnailUrl\":\"https:\\\/\\\/cfmotobenelux.com\\\/wp-content\\\/uploads\\\/2025\\\/05\\\/250516_Detail6.jpg\",\"datePublished\":\"2025-05-22T14:15:27+00:00\",\"dateModified\":\"2026-04-17T03:40:13+00:00\",\"description\":\"Ervaar de ultieme controle met het 450MT Verhoogd zadel! Dit zadel combineert comfort en prestaties voor de echte rally-ervaring. \ud83c\udfcd\ufe0f\",\"breadcrumb\":{\"@id\":\"https:\\\/\\\/cfmotobenelux.com\\\/product\\\/450mt-verhoogd-zadel-rally-uitvoering\\\/#breadcrumb\"},\"inLanguage\":\"fr-BE\",\"potentialAction\":[{\"@type\":\"ReadAction\",\"target\":[\"https:\\\/\\\/cfmotobenelux.com\\\/product\\\/450mt-verhoogd-zadel-rally-uitvoering\\\/\"]}]},{\"@type\":\"ImageObject\",\"inLanguage\":\"fr-BE\",\"@id\":\"https:\\\/\\\/cfmotobenelux.com\\\/product\\\/450mt-verhoogd-zadel-rally-uitvoering\\\/#primaryimage\",\"url\":\"https:\\\/\\\/cfmotobenelux.com\\\/wp-content\\\/uploads\\\/2025\\\/05\\\/250516_Detail6.jpg\",\"contentUrl\":\"https:\\\/\\\/cfmotobenelux.com\\\/wp-content\\\/uploads\\\/2025\\\/05\\\/250516_Detail6.jpg\",\"width\":1600,\"height\":1200},{\"@type\":\"BreadcrumbList\",\"@id\":\"https:\\\/\\\/cfmotobenelux.com\\\/product\\\/450mt-verhoogd-zadel-rally-uitvoering\\\/#breadcrumb\",\"itemListElement\":[{\"@type\":\"ListItem\",\"position\":1,\"name\":\"Home\",\"item\":\"https:\\\/\\\/cfmotobenelux.com\\\/\"},{\"@type\":\"ListItem\",\"position\":2,\"name\":\"Shop\",\"item\":\"https:\\\/\\\/cfmotobenelux.com\\\/shop\\\/\"},{\"@type\":\"ListItem\",\"position\":3,\"name\":\"Motoraccessoires\",\"item\":\"https:\\\/\\\/cfmotobenelux.com\\\/product-category\\\/motoraccessoires\\\/\"},{\"@type\":\"ListItem\",\"position\":4,\"name\":\"450MT Verhoogd zadel Rally uitvoering\"}]},{\"@type\":\"WebSite\",\"@id\":\"https:\\\/\\\/cfmotobenelux.com\\\/#website\",\"url\":\"https:\\\/\\\/cfmotobenelux.com\\\/\",\"name\":\"CFMOTO Benelux\",\"description\":\"Experience more together\",\"publisher\":{\"@id\":\"https:\\\/\\\/cfmotobenelux.com\\\/#organization\"},\"alternateName\":\"CFMOTO motorfietsen offici\u00eble website Benelux.\",\"potentialAction\":[{\"@type\":\"SearchAction\",\"target\":{\"@type\":\"EntryPoint\",\"urlTemplate\":\"https:\\\/\\\/cfmotobenelux.com\\\/?s={search_term_string}\"},\"query-input\":{\"@type\":\"PropertyValueSpecification\",\"valueRequired\":true,\"valueName\":\"search_term_string\"}}],\"inLanguage\":\"fr-BE\"},{\"@type\":\"Organization\",\"@id\":\"https:\\\/\\\/cfmotobenelux.com\\\/#organization\",\"name\":\"CFMOTO Benelux\",\"alternateName\":\"CFMOTO - motorfietsen voor rijders die kracht, controle en comfort eisen.\",\"url\":\"https:\\\/\\\/cfmotobenelux.com\\\/\",\"logo\":{\"@type\":\"ImageObject\",\"inLanguage\":\"fr-BE\",\"@id\":\"https:\\\/\\\/cfmotobenelux.com\\\/#\\\/schema\\\/logo\\\/image\\\/\",\"url\":\"https:\\\/\\\/cfmotobenelux.com\\\/wp-content\\\/uploads\\\/2024\\\/06\\\/cfmoto-benelux-logo.jpg\",\"contentUrl\":\"https:\\\/\\\/cfmotobenelux.com\\\/wp-content\\\/uploads\\\/2024\\\/06\\\/cfmoto-benelux-logo.jpg\",\"width\":1200,\"height\":1200,\"caption\":\"CFMOTO Benelux\"},\"image\":{\"@id\":\"https:\\\/\\\/cfmotobenelux.com\\\/#\\\/schema\\\/logo\\\/image\\\/\"},\"sameAs\":[\"https:\\\/\\\/www.facebook.com\\\/cfmotobeneluxmoto\"]}]}<\/script>\n<meta property=\"product:price:amount\" content=\"255.95\" \/>\n<meta property=\"product:price:currency\" content=\"EUR\" \/>\n<meta property=\"og:availability\" content=\"out of stock\" \/>\n<meta property=\"product:availability\" content=\"out of stock\" \/>\n<meta property=\"product:retailer_item_id\" content=\"6AQV-807100-6001\" \/>\n<meta property=\"product:condition\" content=\"new\" \/>\n<!-- \/ Yoast SEO Premium plugin. -->","yoast_head_json":{"title":"Si\u00e8ge sur\u00e9lev\u00e9 450MT : le confort ultime pour le rallye - CFMOTO Benelux","description":"Faites l'exp\u00e9rience du contr\u00f4le ultime avec la selle 450MT Raised ! Cette selle allie confort et performance pour une v\u00e9ritable exp\u00e9rience de rallye. \ud83c\udfcd\ufe0f","robots":{"index":"index","follow":"follow","max-snippet":"max-snippet:-1","max-image-preview":"max-image-preview:large","max-video-preview":"max-video-preview:-1"},"canonical":"https:\/\/cfmotobenelux.com\/fr\/produit\/450mt-verhoogd-zadel-rally-uitvoering\/","og_locale":"fr_FR","og_type":"article","og_title":"450MT Verhoogd zadel Rally uitvoering","og_description":"Ervaar de ultieme controle met het 450MT Verhoogd zadel! Dit zadel combineert comfort en prestaties voor de echte rally-ervaring. \ud83c\udfcd\ufe0f","og_url":"https:\/\/cfmotobenelux.com\/fr\/produit\/450mt-verhoogd-zadel-rally-uitvoering\/","og_site_name":"CFMOTO Benelux","article_publisher":"https:\/\/www.facebook.com\/cfmotobeneluxmoto","article_modified_time":"2026-04-17T03:40:13+00:00","og_image":[{"width":1600,"height":1200,"url":"https:\/\/cfmotobenelux.com\/wp-content\/uploads\/2025\/05\/250516_Detail6.jpg","type":"image\/jpeg"}],"twitter_card":"summary_large_image","twitter_misc":{"Price":"&euro;&nbsp;255,95","Availability":"Out of stock"},"schema":{"@context":"https:\/\/schema.org","@graph":[{"@type":"WebPage","@id":"https:\/\/cfmotobenelux.com\/product\/450mt-verhoogd-zadel-rally-uitvoering\/","url":"https:\/\/cfmotobenelux.com\/product\/450mt-verhoogd-zadel-rally-uitvoering\/","name":"Si\u00e8ge sur\u00e9lev\u00e9 450MT : le confort ultime pour le rallye - CFMOTO Benelux","isPartOf":{"@id":"https:\/\/cfmotobenelux.com\/#website"},"primaryImageOfPage":{"@id":"https:\/\/cfmotobenelux.com\/product\/450mt-verhoogd-zadel-rally-uitvoering\/#primaryimage"},"image":{"@id":"https:\/\/cfmotobenelux.com\/product\/450mt-verhoogd-zadel-rally-uitvoering\/#primaryimage"},"thumbnailUrl":"https:\/\/cfmotobenelux.com\/wp-content\/uploads\/2025\/05\/250516_Detail6.jpg","datePublished":"2025-05-22T14:15:27+00:00","dateModified":"2026-04-17T03:40:13+00:00","description":"Faites l'exp\u00e9rience du contr\u00f4le ultime avec la selle 450MT Raised ! Cette selle allie confort et performance pour une v\u00e9ritable exp\u00e9rience de rallye. \ud83c\udfcd\ufe0f","breadcrumb":{"@id":"https:\/\/cfmotobenelux.com\/product\/450mt-verhoogd-zadel-rally-uitvoering\/#breadcrumb"},"inLanguage":"fr-BE","potentialAction":[{"@type":"ReadAction","target":["https:\/\/cfmotobenelux.com\/product\/450mt-verhoogd-zadel-rally-uitvoering\/"]}]},{"@type":"ImageObject","inLanguage":"fr-BE","@id":"https:\/\/cfmotobenelux.com\/product\/450mt-verhoogd-zadel-rally-uitvoering\/#primaryimage","url":"https:\/\/cfmotobenelux.com\/wp-content\/uploads\/2025\/05\/250516_Detail6.jpg","contentUrl":"https:\/\/cfmotobenelux.com\/wp-content\/uploads\/2025\/05\/250516_Detail6.jpg","width":1600,"height":1200},{"@type":"BreadcrumbList","@id":"https:\/\/cfmotobenelux.com\/product\/450mt-verhoogd-zadel-rally-uitvoering\/#breadcrumb","itemListElement":[{"@type":"ListItem","position":1,"name":"Home","item":"https:\/\/cfmotobenelux.com\/"},{"@type":"ListItem","position":2,"name":"Shop","item":"https:\/\/cfmotobenelux.com\/shop\/"},{"@type":"ListItem","position":3,"name":"Motoraccessoires","item":"https:\/\/cfmotobenelux.com\/product-category\/motoraccessoires\/"},{"@type":"ListItem","position":4,"name":"450MT Verhoogd zadel Rally uitvoering"}]},{"@type":"WebSite","@id":"https:\/\/cfmotobenelux.com\/#website","url":"https:\/\/cfmotobenelux.com\/","name":"CFMOTO Benelux","description":"Experience more together","publisher":{"@id":"https:\/\/cfmotobenelux.com\/#organization"},"alternateName":"CFMOTO motorfietsen offici\u00eble website Benelux.","potentialAction":[{"@type":"SearchAction","target":{"@type":"EntryPoint","urlTemplate":"https:\/\/cfmotobenelux.com\/?s={search_term_string}"},"query-input":{"@type":"PropertyValueSpecification","valueRequired":true,"valueName":"search_term_string"}}],"inLanguage":"fr-BE"},{"@type":"Organization","@id":"https:\/\/cfmotobenelux.com\/#organization","name":"CFMOTO Benelux","alternateName":"CFMOTO - motorfietsen voor rijders die kracht, controle en comfort eisen.","url":"https:\/\/cfmotobenelux.com\/","logo":{"@type":"ImageObject","inLanguage":"fr-BE","@id":"https:\/\/cfmotobenelux.com\/#\/schema\/logo\/image\/","url":"https:\/\/cfmotobenelux.com\/wp-content\/uploads\/2024\/06\/cfmoto-benelux-logo.jpg","contentUrl":"https:\/\/cfmotobenelux.com\/wp-content\/uploads\/2024\/06\/cfmoto-benelux-logo.jpg","width":1200,"height":1200,"caption":"CFMOTO Benelux"},"image":{"@id":"https:\/\/cfmotobenelux.com\/#\/schema\/logo\/image\/"},"sameAs":["https:\/\/www.facebook.com\/cfmotobeneluxmoto"]}]},"product_price_amount":"255.95","product_price_currency":"EUR","og_availability":"out of stock","product_availability":"out of stock","product_retailer_item_id":"6AQV-807100-6001","product_condition":"new"},"_links":{"self":[{"href":"https:\/\/cfmotobenelux.com\/fr\/wp-json\/wp\/v2\/product\/4988","targetHints":{"allow":["GET"]}}],"collection":[{"href":"https:\/\/cfmotobenelux.com\/fr\/wp-json\/wp\/v2\/product"}],"about":[{"href":"https:\/\/cfmotobenelux.com\/fr\/wp-json\/wp\/v2\/types\/product"}],"replies":[{"embeddable":true,"href":"https:\/\/cfmotobenelux.com\/fr\/wp-json\/wp\/v2\/comments?post=4988"}],"wp:featuredmedia":[{"embeddable":true,"href":"https:\/\/cfmotobenelux.com\/fr\/wp-json\/wp\/v2\/media\/6001"}],"wp:attachment":[{"href":"https:\/\/cfmotobenelux.com\/fr\/wp-json\/wp\/v2\/media?parent=4988"}],"wp:term":[{"taxonomy":"product_brand","embeddable":true,"href":"https:\/\/cfmotobenelux.com\/fr\/wp-json\/wp\/v2\/product_brand?post=4988"},{"taxonomy":"product_cat","embeddable":true,"href":"https:\/\/cfmotobenelux.com\/fr\/wp-json\/wp\/v2\/product_cat?post=4988"},{"taxonomy":"product_tag","embeddable":true,"href":"https:\/\/cfmotobenelux.com\/fr\/wp-json\/wp\/v2\/product_tag?post=4988"}],"curies":[{"name":"wp","href":"https:\/\/api.w.org\/{rel}","templated":true}]}}