{"id":4219,"date":"2025-02-12T15:36:28","date_gmt":"2025-02-12T14:36:28","guid":{"rendered":"https:\/\/cfmotobenelux.com\/?post_type=product&#038;p=4219"},"modified":"2026-04-13T08:39:30","modified_gmt":"2026-04-13T06:39:30","slug":"800mt-explore-800nk-advanced-schermbeschermer","status":"publish","type":"product","link":"https:\/\/cfmotobenelux.com\/fr\/produit\/800mt-explore-800nk-advanced-schermbeschermer\/","title":{"rendered":"800MT Explore\/800NK Advanced Protection d'\u00e9cran (0,4 mm)"},"content":{"rendered":"<p><strong>800MT Explore\/800NK Advanced Protection d'\u00e9cran (0,4 mm) - Protection optimale de l'\u00e9cran 8\" CFMOTO<\/strong><\/p>\n<p>Prot\u00e9gez votre pr\u00e9sentation de moto gr\u00e2ce \u00e0 la robuste <strong>800MT Explore\/800NK Advanced Protection d'\u00e9cran<\/strong>. Ce protecteur d'une \u00e9paisseur de 0,4 mm est sp\u00e9cialement con\u00e7u pour l'\u00e9cran de 8 pouces des mod\u00e8les CFMOTO. <strong>800MT Explore\/800NK Advanced<\/strong>. L'\u00e9cran reste ainsi clair, exempt de rayures et parfaitement lisible.<\/p>\n<p><strong>Pourquoi choisir cette protection d'\u00e9cran ?<\/strong><\/p>\n<ul>\n<li><strong>\u00c9pais et solide :<\/strong> D'une \u00e9paisseur de 0,4 mm, il offre une protection suppl\u00e9mentaire contre les rayures et les chocs.<\/li>\n<li><strong>Un ajustement parfait :<\/strong> Sp\u00e9cialement con\u00e7u pour l'\u00e9cran original 8\" de CFMOTO. Aucun d\u00e9coupage ou ajustement n'est n\u00e9cessaire.<\/li>\n<li><strong>Clair et visible :<\/strong> L'antireflet et la protection contre les UV garantissent une image nette et claire, m\u00eame en plein soleil.<\/li>\n<li><strong>Prot\u00e8ge contre la salet\u00e9 :<\/strong> Prot\u00e8ge efficacement de la poussi\u00e8re, de la boue et des empreintes digitales.<\/li>\n<\/ul>\n<p>De plus, ce protecteur d'\u00e9cran garantit que votre \u00e9cran dure plus longtemps et conserve sa qualit\u00e9.<\/p>\n<p><strong>Remarque :<\/strong> Ce produit est adapt\u00e9 \u00e0 la <strong>800MT Explore <\/strong>et<strong> 800NK Advanced<\/strong>.<\/p>\n<p>&nbsp;<\/p>","protected":false},"excerpt":{"rendered":"<p>800MT Explore\/800NK Advanced Schermbeschermer (0,4 mm) \u2013 Optimale bescherming voor het 8\u201d CFMOTO display Bescherm het display van je motor met de stevige 800MT Explore\/800NK Advanced Schermbeschermer. Deze 0,4 mm dikke protector is speciaal gemaakt voor het 8 inch scherm van de CFMOTO-modellen 800MT Explore\/800NK Advanced. Zo blijft je display helder, krasvrij en optimaal afleesbaar. [&hellip;]<\/p>\n","protected":false},"featured_media":4220,"comment_status":"closed","ping_status":"closed","template":"","meta":{"_acf_changed":false,"inline_featured_image":false},"product_brand":[],"product_cat":[36],"product_tag":[74,52],"class_list":{"0":"post-4219","1":"product","2":"type-product","3":"status-publish","4":"has-post-thumbnail","6":"product_cat-motoraccessoires","7":"product_tag-800mt","8":"product_tag-800nk","10":"first","11":"outofstock","12":"taxable","13":"shipping-taxable","14":"purchasable","15":"product-type-simple"},"exclude_global_add_ons":[],"addons":[],"acf":[],"yoast_head":"<!-- This site is optimized with the Yoast SEO Premium plugin v27.3 (Yoast SEO v27.3) - https:\/\/yoast.com\/product\/yoast-seo-premium-wordpress\/ -->\n<title>800MT Explore \/ 800NK Advanced Schermbeschermer Kopen - CFMOTO Benelux<\/title>\n<meta name=\"description\" content=\"Bescherm jouw 8\u201d CFMOTO display met de 800MT Explore \/ 800NK Advanced Schermbeschermer. Geniet van optimale helderheid en krasbescherming!\" \/>\n<meta name=\"robots\" content=\"index, follow, max-snippet:-1, max-image-preview:large, max-video-preview:-1\" \/>\n<link rel=\"canonical\" href=\"https:\/\/cfmotobenelux.com\/fr\/produit\/800mt-explore-800nk-advanced-schermbeschermer\/\" \/>\n<meta property=\"og:locale\" content=\"fr_FR\" \/>\n<meta property=\"og:type\" content=\"article\" \/>\n<meta property=\"og:title\" content=\"800MT Explore\/800NK Advanced Schermbeschermer (0,4 mm)\" \/>\n<meta property=\"og:description\" content=\"Bescherm jouw 8\u201d CFMOTO display met de 800MT Explore \/ 800NK Advanced Schermbeschermer. Geniet van optimale helderheid en krasbescherming!\" \/>\n<meta property=\"og:url\" content=\"https:\/\/cfmotobenelux.com\/fr\/produit\/800mt-explore-800nk-advanced-schermbeschermer\/\" \/>\n<meta property=\"og:site_name\" content=\"CFMOTO Benelux\" \/>\n<meta property=\"article:publisher\" content=\"https:\/\/www.facebook.com\/cfmotobeneluxmoto\" \/>\n<meta property=\"article:modified_time\" content=\"2026-04-13T06:39:30+00:00\" \/>\n<meta property=\"og:image\" content=\"https:\/\/cfmotobenelux.com\/wp-content\/uploads\/2025\/01\/12.3-DASHBOARD-FILM-40-THICK.png\" \/>\n\t<meta property=\"og:image:width\" content=\"1600\" \/>\n\t<meta property=\"og:image:height\" content=\"1600\" \/>\n\t<meta property=\"og:image:type\" content=\"image\/png\" \/>\n<meta name=\"twitter:card\" content=\"summary_large_image\" \/>\n<meta name=\"twitter:label1\" content=\"Price\" \/>\n\t<meta name=\"twitter:data1\" content=\"&euro;&nbsp;9,95\" \/>\n\t<meta name=\"twitter:label2\" content=\"Availability\" \/>\n\t<meta name=\"twitter:data2\" content=\"Out of stock\" \/>\n<script type=\"application\/ld+json\" class=\"yoast-schema-graph\">{\"@context\":\"https:\\\/\\\/schema.org\",\"@graph\":[{\"@type\":\"WebPage\",\"@id\":\"https:\\\/\\\/cfmotobenelux.com\\\/product\\\/800mt-explore-800nk-advanced-schermbeschermer\\\/\",\"url\":\"https:\\\/\\\/cfmotobenelux.com\\\/product\\\/800mt-explore-800nk-advanced-schermbeschermer\\\/\",\"name\":\"800MT Explore \\\/ 800NK Advanced Schermbeschermer Kopen - CFMOTO Benelux\",\"isPartOf\":{\"@id\":\"https:\\\/\\\/cfmotobenelux.com\\\/#website\"},\"primaryImageOfPage\":{\"@id\":\"https:\\\/\\\/cfmotobenelux.com\\\/product\\\/800mt-explore-800nk-advanced-schermbeschermer\\\/#primaryimage\"},\"image\":{\"@id\":\"https:\\\/\\\/cfmotobenelux.com\\\/product\\\/800mt-explore-800nk-advanced-schermbeschermer\\\/#primaryimage\"},\"thumbnailUrl\":\"https:\\\/\\\/cfmotobenelux.com\\\/wp-content\\\/uploads\\\/2025\\\/01\\\/12.3-DASHBOARD-FILM-40-THICK.png\",\"datePublished\":\"2025-02-12T14:36:28+00:00\",\"dateModified\":\"2026-04-13T06:39:30+00:00\",\"description\":\"Bescherm jouw 8\u201d CFMOTO display met de 800MT Explore \\\/ 800NK Advanced Schermbeschermer. Geniet van optimale helderheid en krasbescherming!\",\"breadcrumb\":{\"@id\":\"https:\\\/\\\/cfmotobenelux.com\\\/product\\\/800mt-explore-800nk-advanced-schermbeschermer\\\/#breadcrumb\"},\"inLanguage\":\"fr-BE\",\"potentialAction\":[{\"@type\":\"ReadAction\",\"target\":[\"https:\\\/\\\/cfmotobenelux.com\\\/product\\\/800mt-explore-800nk-advanced-schermbeschermer\\\/\"]}]},{\"@type\":\"ImageObject\",\"inLanguage\":\"fr-BE\",\"@id\":\"https:\\\/\\\/cfmotobenelux.com\\\/product\\\/800mt-explore-800nk-advanced-schermbeschermer\\\/#primaryimage\",\"url\":\"https:\\\/\\\/cfmotobenelux.com\\\/wp-content\\\/uploads\\\/2025\\\/01\\\/12.3-DASHBOARD-FILM-40-THICK.png\",\"contentUrl\":\"https:\\\/\\\/cfmotobenelux.com\\\/wp-content\\\/uploads\\\/2025\\\/01\\\/12.3-DASHBOARD-FILM-40-THICK.png\",\"width\":1600,\"height\":1600,\"caption\":\"12.3 Dashboard folie 40 dik - Film de tableau de bord 12.3 - 40 \u00e9pais\"},{\"@type\":\"BreadcrumbList\",\"@id\":\"https:\\\/\\\/cfmotobenelux.com\\\/product\\\/800mt-explore-800nk-advanced-schermbeschermer\\\/#breadcrumb\",\"itemListElement\":[{\"@type\":\"ListItem\",\"position\":1,\"name\":\"Home\",\"item\":\"https:\\\/\\\/cfmotobenelux.com\\\/\"},{\"@type\":\"ListItem\",\"position\":2,\"name\":\"Shop\",\"item\":\"https:\\\/\\\/cfmotobenelux.com\\\/shop\\\/\"},{\"@type\":\"ListItem\",\"position\":3,\"name\":\"Motoraccessoires\",\"item\":\"https:\\\/\\\/cfmotobenelux.com\\\/product-category\\\/motoraccessoires\\\/\"},{\"@type\":\"ListItem\",\"position\":4,\"name\":\"800MT Explore\\\/800NK Advanced Schermbeschermer (0,4 mm)\"}]},{\"@type\":\"WebSite\",\"@id\":\"https:\\\/\\\/cfmotobenelux.com\\\/#website\",\"url\":\"https:\\\/\\\/cfmotobenelux.com\\\/\",\"name\":\"CFMOTO Benelux\",\"description\":\"Experience more together\",\"publisher\":{\"@id\":\"https:\\\/\\\/cfmotobenelux.com\\\/#organization\"},\"alternateName\":\"CFMOTO motorfietsen offici\u00eble website Benelux.\",\"potentialAction\":[{\"@type\":\"SearchAction\",\"target\":{\"@type\":\"EntryPoint\",\"urlTemplate\":\"https:\\\/\\\/cfmotobenelux.com\\\/?s={search_term_string}\"},\"query-input\":{\"@type\":\"PropertyValueSpecification\",\"valueRequired\":true,\"valueName\":\"search_term_string\"}}],\"inLanguage\":\"fr-BE\"},{\"@type\":\"Organization\",\"@id\":\"https:\\\/\\\/cfmotobenelux.com\\\/#organization\",\"name\":\"CFMOTO Benelux\",\"alternateName\":\"CFMOTO - motorfietsen voor rijders die kracht, controle en comfort eisen.\",\"url\":\"https:\\\/\\\/cfmotobenelux.com\\\/\",\"logo\":{\"@type\":\"ImageObject\",\"inLanguage\":\"fr-BE\",\"@id\":\"https:\\\/\\\/cfmotobenelux.com\\\/#\\\/schema\\\/logo\\\/image\\\/\",\"url\":\"https:\\\/\\\/cfmotobenelux.com\\\/wp-content\\\/uploads\\\/2024\\\/06\\\/cfmoto-benelux-logo.jpg\",\"contentUrl\":\"https:\\\/\\\/cfmotobenelux.com\\\/wp-content\\\/uploads\\\/2024\\\/06\\\/cfmoto-benelux-logo.jpg\",\"width\":1200,\"height\":1200,\"caption\":\"CFMOTO Benelux\"},\"image\":{\"@id\":\"https:\\\/\\\/cfmotobenelux.com\\\/#\\\/schema\\\/logo\\\/image\\\/\"},\"sameAs\":[\"https:\\\/\\\/www.facebook.com\\\/cfmotobeneluxmoto\"]}]}<\/script>\n<meta property=\"product:price:amount\" content=\"9.95\" \/>\n<meta property=\"product:price:currency\" content=\"EUR\" \/>\n<meta property=\"og:availability\" content=\"out of stock\" \/>\n<meta property=\"product:availability\" content=\"out of stock\" \/>\n<meta property=\"product:retailer_item_id\" content=\"85244N-00400\" \/>\n<meta property=\"product:condition\" content=\"new\" \/>\n<!-- \/ Yoast SEO Premium plugin. -->","yoast_head_json":{"title":"800MT Explore \/ 800NK Advanced Screen Protector Acheter - CFMOTO Benelux","description":"Prot\u00e9gez votre \u00e9cran 8\" CFMOTO avec la protection d'\u00e9cran 800MT Explore \/ 800NK Advanced. Profitez d'une clart\u00e9 optimale et d'une protection contre les rayures !","robots":{"index":"index","follow":"follow","max-snippet":"max-snippet:-1","max-image-preview":"max-image-preview:large","max-video-preview":"max-video-preview:-1"},"canonical":"https:\/\/cfmotobenelux.com\/fr\/produit\/800mt-explore-800nk-advanced-schermbeschermer\/","og_locale":"fr_FR","og_type":"article","og_title":"800MT Explore\/800NK Advanced Schermbeschermer (0,4 mm)","og_description":"Bescherm jouw 8\u201d CFMOTO display met de 800MT Explore \/ 800NK Advanced Schermbeschermer. Geniet van optimale helderheid en krasbescherming!","og_url":"https:\/\/cfmotobenelux.com\/fr\/produit\/800mt-explore-800nk-advanced-schermbeschermer\/","og_site_name":"CFMOTO Benelux","article_publisher":"https:\/\/www.facebook.com\/cfmotobeneluxmoto","article_modified_time":"2026-04-13T06:39:30+00:00","og_image":[{"width":1600,"height":1600,"url":"https:\/\/cfmotobenelux.com\/wp-content\/uploads\/2025\/01\/12.3-DASHBOARD-FILM-40-THICK.png","type":"image\/png"}],"twitter_card":"summary_large_image","twitter_misc":{"Price":"&euro;&nbsp;9,95","Availability":"Out of stock"},"schema":{"@context":"https:\/\/schema.org","@graph":[{"@type":"WebPage","@id":"https:\/\/cfmotobenelux.com\/product\/800mt-explore-800nk-advanced-schermbeschermer\/","url":"https:\/\/cfmotobenelux.com\/product\/800mt-explore-800nk-advanced-schermbeschermer\/","name":"800MT Explore \/ 800NK Advanced Screen Protector Acheter - CFMOTO Benelux","isPartOf":{"@id":"https:\/\/cfmotobenelux.com\/#website"},"primaryImageOfPage":{"@id":"https:\/\/cfmotobenelux.com\/product\/800mt-explore-800nk-advanced-schermbeschermer\/#primaryimage"},"image":{"@id":"https:\/\/cfmotobenelux.com\/product\/800mt-explore-800nk-advanced-schermbeschermer\/#primaryimage"},"thumbnailUrl":"https:\/\/cfmotobenelux.com\/wp-content\/uploads\/2025\/01\/12.3-DASHBOARD-FILM-40-THICK.png","datePublished":"2025-02-12T14:36:28+00:00","dateModified":"2026-04-13T06:39:30+00:00","description":"Prot\u00e9gez votre \u00e9cran 8\" CFMOTO avec la protection d'\u00e9cran 800MT Explore \/ 800NK Advanced. Profitez d'une clart\u00e9 optimale et d'une protection contre les rayures !","breadcrumb":{"@id":"https:\/\/cfmotobenelux.com\/product\/800mt-explore-800nk-advanced-schermbeschermer\/#breadcrumb"},"inLanguage":"fr-BE","potentialAction":[{"@type":"ReadAction","target":["https:\/\/cfmotobenelux.com\/product\/800mt-explore-800nk-advanced-schermbeschermer\/"]}]},{"@type":"ImageObject","inLanguage":"fr-BE","@id":"https:\/\/cfmotobenelux.com\/product\/800mt-explore-800nk-advanced-schermbeschermer\/#primaryimage","url":"https:\/\/cfmotobenelux.com\/wp-content\/uploads\/2025\/01\/12.3-DASHBOARD-FILM-40-THICK.png","contentUrl":"https:\/\/cfmotobenelux.com\/wp-content\/uploads\/2025\/01\/12.3-DASHBOARD-FILM-40-THICK.png","width":1600,"height":1600,"caption":"12.3 Dashboard folie 40 dik - Film de tableau de bord 12.3 - 40 \u00e9pais"},{"@type":"BreadcrumbList","@id":"https:\/\/cfmotobenelux.com\/product\/800mt-explore-800nk-advanced-schermbeschermer\/#breadcrumb","itemListElement":[{"@type":"ListItem","position":1,"name":"Home","item":"https:\/\/cfmotobenelux.com\/"},{"@type":"ListItem","position":2,"name":"Shop","item":"https:\/\/cfmotobenelux.com\/shop\/"},{"@type":"ListItem","position":3,"name":"Motoraccessoires","item":"https:\/\/cfmotobenelux.com\/product-category\/motoraccessoires\/"},{"@type":"ListItem","position":4,"name":"800MT Explore\/800NK Advanced Schermbeschermer (0,4 mm)"}]},{"@type":"WebSite","@id":"https:\/\/cfmotobenelux.com\/#website","url":"https:\/\/cfmotobenelux.com\/","name":"CFMOTO Benelux","description":"Experience more together","publisher":{"@id":"https:\/\/cfmotobenelux.com\/#organization"},"alternateName":"CFMOTO motorfietsen offici\u00eble website Benelux.","potentialAction":[{"@type":"SearchAction","target":{"@type":"EntryPoint","urlTemplate":"https:\/\/cfmotobenelux.com\/?s={search_term_string}"},"query-input":{"@type":"PropertyValueSpecification","valueRequired":true,"valueName":"search_term_string"}}],"inLanguage":"fr-BE"},{"@type":"Organization","@id":"https:\/\/cfmotobenelux.com\/#organization","name":"CFMOTO Benelux","alternateName":"CFMOTO - motorfietsen voor rijders die kracht, controle en comfort eisen.","url":"https:\/\/cfmotobenelux.com\/","logo":{"@type":"ImageObject","inLanguage":"fr-BE","@id":"https:\/\/cfmotobenelux.com\/#\/schema\/logo\/image\/","url":"https:\/\/cfmotobenelux.com\/wp-content\/uploads\/2024\/06\/cfmoto-benelux-logo.jpg","contentUrl":"https:\/\/cfmotobenelux.com\/wp-content\/uploads\/2024\/06\/cfmoto-benelux-logo.jpg","width":1200,"height":1200,"caption":"CFMOTO Benelux"},"image":{"@id":"https:\/\/cfmotobenelux.com\/#\/schema\/logo\/image\/"},"sameAs":["https:\/\/www.facebook.com\/cfmotobeneluxmoto"]}]},"product_price_amount":"9.95","product_price_currency":"EUR","og_availability":"out of stock","product_availability":"out of stock","product_retailer_item_id":"85244N-00400","product_condition":"new"},"_links":{"self":[{"href":"https:\/\/cfmotobenelux.com\/fr\/wp-json\/wp\/v2\/product\/4219","targetHints":{"allow":["GET"]}}],"collection":[{"href":"https:\/\/cfmotobenelux.com\/fr\/wp-json\/wp\/v2\/product"}],"about":[{"href":"https:\/\/cfmotobenelux.com\/fr\/wp-json\/wp\/v2\/types\/product"}],"replies":[{"embeddable":true,"href":"https:\/\/cfmotobenelux.com\/fr\/wp-json\/wp\/v2\/comments?post=4219"}],"wp:featuredmedia":[{"embeddable":true,"href":"https:\/\/cfmotobenelux.com\/fr\/wp-json\/wp\/v2\/media\/4220"}],"wp:attachment":[{"href":"https:\/\/cfmotobenelux.com\/fr\/wp-json\/wp\/v2\/media?parent=4219"}],"wp:term":[{"taxonomy":"product_brand","embeddable":true,"href":"https:\/\/cfmotobenelux.com\/fr\/wp-json\/wp\/v2\/product_brand?post=4219"},{"taxonomy":"product_cat","embeddable":true,"href":"https:\/\/cfmotobenelux.com\/fr\/wp-json\/wp\/v2\/product_cat?post=4219"},{"taxonomy":"product_tag","embeddable":true,"href":"https:\/\/cfmotobenelux.com\/fr\/wp-json\/wp\/v2\/product_tag?post=4219"}],"curies":[{"name":"wp","href":"https:\/\/api.w.org\/{rel}","templated":true}]}}