{"id":3064,"date":"2024-03-07T21:44:47","date_gmt":"2024-03-07T20:44:47","guid":{"rendered":"https:\/\/cfmotobenelux.com\/?post_type=product&#038;p=3064"},"modified":"2026-04-22T15:11:50","modified_gmt":"2026-04-22T13:11:50","slug":"450mt-bescherming-remklauw-voorraan","status":"publish","type":"product","link":"https:\/\/cfmotobenelux.com\/fr\/produit\/450mt-bescherming-remklauw-voorraan\/","title":{"rendered":"450MT Protection de l'\u00e9trier avant"},"content":{"rendered":"<p><strong>450MT Protection de l'\u00e9trier avant<\/strong><\/p>\n<p><strong>Protection durable de l'\u00e9trier<\/strong><\/p>\n<p>La <strong>450MT Protection de l'\u00e9trier avant<\/strong> offre une protection fiable \u00e0 l'une des parties les plus importantes de votre v\u00e9lo : l'\u00e9trier avant. Cet accessoire est con\u00e7u pour pr\u00e9venir les dommages caus\u00e9s par les \u00e9clats de pierre et autres influences, afin que vous puissiez toujours compter sur des performances de freinage optimales.<\/p>\n<p><strong>Construction de haute qualit\u00e9<\/strong><\/p>\n<p>La protection est fabriqu\u00e9e en acier inoxydable, ce qui la rend non seulement extr\u00eamement durable, mais aussi r\u00e9sistante \u00e0 la rouille et \u00e0 la corrosion. En outre, les pi\u00e8ces sont d\u00e9coup\u00e9es au laser et pli\u00e9es par CNC avec pr\u00e9cision. Cela garantit un ajustement parfait et une protection \u00e0 long terme, m\u00eame en cas d'utilisation intensive.<\/p>\n<p><strong>Principaux avantages<\/strong><\/p>\n<ul>\n<li><strong>Solide et fiable<\/strong>: L'acier inoxydable garantit une performance et une protection durables.<\/li>\n<li><strong>Un ajustement parfait<\/strong>La protection s'adapte parfaitement \u00e0 votre v\u00e9lo gr\u00e2ce \u00e0 l'usinage CNC.<\/li>\n<li><strong>Montage facile<\/strong>La conception intelligente facilite l'installation de la protection sans ajustements suppl\u00e9mentaires.<\/li>\n<\/ul>\n<p><strong>Pourquoi choisir cette protection d'\u00e9trier ?<\/strong><\/p>\n<p>En bref, avec la <strong>450MT Protection de l'\u00e9trier avant<\/strong> vous conduisez en toute s\u00e9r\u00e9nit\u00e9, sachant que vos freins sont prot\u00e9g\u00e9s de mani\u00e8re optimale. Vous pouvez ainsi profiter pleinement de chaque trajet, o\u00f9 que l'aventure vous m\u00e8ne !<\/p>","protected":false},"excerpt":{"rendered":"<p>450MT Bescherming remklauw voorraan Duurzame bescherming voor je remklauw De 450MT Bescherming remklauw voorraan biedt betrouwbare bescherming voor een van de meest cruciale onderdelen van je motor: de voorste remklauw. Dit accessoire is ontworpen om schade door steenslag en andere invloeden te voorkomen, zodat je altijd kunt vertrouwen op optimale remprestaties. Hoogwaardige constructie De bescherming [&hellip;]<\/p>\n","protected":false},"featured_media":6227,"comment_status":"closed","ping_status":"closed","template":"","meta":{"_acf_changed":false,"inline_featured_image":false},"product_brand":[],"product_cat":[36],"product_tag":[54],"class_list":{"0":"post-3064","1":"product","2":"type-product","3":"status-publish","4":"has-post-thumbnail","6":"product_cat-motoraccessoires","7":"product_tag-450mt","9":"first","10":"instock","11":"taxable","12":"shipping-taxable","13":"purchasable","14":"product-type-simple"},"exclude_global_add_ons":[],"addons":[],"acf":[],"yoast_head":"<!-- This site is optimized with the Yoast SEO Premium plugin v27.3 (Yoast SEO v27.3) - https:\/\/yoast.com\/product\/yoast-seo-premium-wordpress\/ -->\n<title>450MT Bescherming remklauw voorraan - CFMOTO Benelux<\/title>\n<meta name=\"description\" content=\"Bescherm je motor met de 450MT Bescherming remklauw voorraan! Duurzame roestvrijstalen constructie biedt betrouwbare bescherming tegen schade.\" \/>\n<meta name=\"robots\" content=\"index, follow, max-snippet:-1, max-image-preview:large, max-video-preview:-1\" \/>\n<link rel=\"canonical\" href=\"https:\/\/cfmotobenelux.com\/fr\/produit\/450mt-bescherming-remklauw-voorraan\/\" \/>\n<meta property=\"og:locale\" content=\"fr_FR\" \/>\n<meta property=\"og:type\" content=\"article\" \/>\n<meta property=\"og:title\" content=\"450MT Bescherming remklauw voorraan\" \/>\n<meta property=\"og:description\" content=\"Bescherm je motor met de 450MT Bescherming remklauw voorraan! Duurzame roestvrijstalen constructie biedt betrouwbare bescherming tegen schade.\" \/>\n<meta property=\"og:url\" content=\"https:\/\/cfmotobenelux.com\/fr\/produit\/450mt-bescherming-remklauw-voorraan\/\" \/>\n<meta property=\"og:site_name\" content=\"CFMOTO Benelux\" \/>\n<meta property=\"article:publisher\" content=\"https:\/\/www.facebook.com\/cfmotobeneluxmoto\" \/>\n<meta property=\"article:modified_time\" content=\"2026-04-22T13:11:50+00:00\" \/>\n<meta property=\"og:image\" content=\"https:\/\/cfmotobenelux.com\/wp-content\/uploads\/2024\/03\/6AQV-804400-6000.jpg\" \/>\n\t<meta property=\"og:image:width\" content=\"1066\" \/>\n\t<meta property=\"og:image:height\" content=\"1066\" \/>\n\t<meta property=\"og:image:type\" content=\"image\/jpeg\" \/>\n<meta name=\"twitter:card\" content=\"summary_large_image\" \/>\n<meta name=\"twitter:label1\" content=\"Price\" \/>\n\t<meta name=\"twitter:data1\" content=\"&euro;&nbsp;29,95\" \/>\n\t<meta name=\"twitter:label2\" content=\"Availability\" \/>\n\t<meta name=\"twitter:data2\" content=\"In stock\" \/>\n<script type=\"application\/ld+json\" class=\"yoast-schema-graph\">{\"@context\":\"https:\\\/\\\/schema.org\",\"@graph\":[{\"@type\":\"WebPage\",\"@id\":\"https:\\\/\\\/cfmotobenelux.com\\\/product\\\/450mt-bescherming-remklauw-voorraan\\\/\",\"url\":\"https:\\\/\\\/cfmotobenelux.com\\\/product\\\/450mt-bescherming-remklauw-voorraan\\\/\",\"name\":\"450MT Bescherming remklauw voorraan - CFMOTO Benelux\",\"isPartOf\":{\"@id\":\"https:\\\/\\\/cfmotobenelux.com\\\/#website\"},\"primaryImageOfPage\":{\"@id\":\"https:\\\/\\\/cfmotobenelux.com\\\/product\\\/450mt-bescherming-remklauw-voorraan\\\/#primaryimage\"},\"image\":{\"@id\":\"https:\\\/\\\/cfmotobenelux.com\\\/product\\\/450mt-bescherming-remklauw-voorraan\\\/#primaryimage\"},\"thumbnailUrl\":\"https:\\\/\\\/cfmotobenelux.com\\\/wp-content\\\/uploads\\\/2024\\\/03\\\/6AQV-804400-6000.jpg\",\"datePublished\":\"2024-03-07T20:44:47+00:00\",\"dateModified\":\"2026-04-22T13:11:50+00:00\",\"description\":\"Bescherm je motor met de 450MT Bescherming remklauw voorraan! Duurzame roestvrijstalen constructie biedt betrouwbare bescherming tegen schade.\",\"breadcrumb\":{\"@id\":\"https:\\\/\\\/cfmotobenelux.com\\\/product\\\/450mt-bescherming-remklauw-voorraan\\\/#breadcrumb\"},\"inLanguage\":\"fr-BE\",\"potentialAction\":[{\"@type\":\"ReadAction\",\"target\":[\"https:\\\/\\\/cfmotobenelux.com\\\/product\\\/450mt-bescherming-remklauw-voorraan\\\/\"]}]},{\"@type\":\"ImageObject\",\"inLanguage\":\"fr-BE\",\"@id\":\"https:\\\/\\\/cfmotobenelux.com\\\/product\\\/450mt-bescherming-remklauw-voorraan\\\/#primaryimage\",\"url\":\"https:\\\/\\\/cfmotobenelux.com\\\/wp-content\\\/uploads\\\/2024\\\/03\\\/6AQV-804400-6000.jpg\",\"contentUrl\":\"https:\\\/\\\/cfmotobenelux.com\\\/wp-content\\\/uploads\\\/2024\\\/03\\\/6AQV-804400-6000.jpg\",\"width\":1066,\"height\":1066},{\"@type\":\"BreadcrumbList\",\"@id\":\"https:\\\/\\\/cfmotobenelux.com\\\/product\\\/450mt-bescherming-remklauw-voorraan\\\/#breadcrumb\",\"itemListElement\":[{\"@type\":\"ListItem\",\"position\":1,\"name\":\"Home\",\"item\":\"https:\\\/\\\/cfmotobenelux.com\\\/\"},{\"@type\":\"ListItem\",\"position\":2,\"name\":\"Shop\",\"item\":\"https:\\\/\\\/cfmotobenelux.com\\\/shop\\\/\"},{\"@type\":\"ListItem\",\"position\":3,\"name\":\"Motoraccessoires\",\"item\":\"https:\\\/\\\/cfmotobenelux.com\\\/product-category\\\/motoraccessoires\\\/\"},{\"@type\":\"ListItem\",\"position\":4,\"name\":\"450MT Bescherming remklauw voorraan\"}]},{\"@type\":\"WebSite\",\"@id\":\"https:\\\/\\\/cfmotobenelux.com\\\/#website\",\"url\":\"https:\\\/\\\/cfmotobenelux.com\\\/\",\"name\":\"CFMOTO Benelux\",\"description\":\"Experience more together\",\"publisher\":{\"@id\":\"https:\\\/\\\/cfmotobenelux.com\\\/#organization\"},\"alternateName\":\"CFMOTO motorfietsen offici\u00eble website Benelux.\",\"potentialAction\":[{\"@type\":\"SearchAction\",\"target\":{\"@type\":\"EntryPoint\",\"urlTemplate\":\"https:\\\/\\\/cfmotobenelux.com\\\/?s={search_term_string}\"},\"query-input\":{\"@type\":\"PropertyValueSpecification\",\"valueRequired\":true,\"valueName\":\"search_term_string\"}}],\"inLanguage\":\"fr-BE\"},{\"@type\":\"Organization\",\"@id\":\"https:\\\/\\\/cfmotobenelux.com\\\/#organization\",\"name\":\"CFMOTO Benelux\",\"alternateName\":\"CFMOTO - motorfietsen voor rijders die kracht, controle en comfort eisen.\",\"url\":\"https:\\\/\\\/cfmotobenelux.com\\\/\",\"logo\":{\"@type\":\"ImageObject\",\"inLanguage\":\"fr-BE\",\"@id\":\"https:\\\/\\\/cfmotobenelux.com\\\/#\\\/schema\\\/logo\\\/image\\\/\",\"url\":\"https:\\\/\\\/cfmotobenelux.com\\\/wp-content\\\/uploads\\\/2024\\\/06\\\/cfmoto-benelux-logo.jpg\",\"contentUrl\":\"https:\\\/\\\/cfmotobenelux.com\\\/wp-content\\\/uploads\\\/2024\\\/06\\\/cfmoto-benelux-logo.jpg\",\"width\":1200,\"height\":1200,\"caption\":\"CFMOTO Benelux\"},\"image\":{\"@id\":\"https:\\\/\\\/cfmotobenelux.com\\\/#\\\/schema\\\/logo\\\/image\\\/\"},\"sameAs\":[\"https:\\\/\\\/www.facebook.com\\\/cfmotobeneluxmoto\"]}]}<\/script>\n<meta property=\"product:price:amount\" content=\"29.95\" \/>\n<meta property=\"product:price:currency\" content=\"EUR\" \/>\n<meta property=\"og:availability\" content=\"instock\" \/>\n<meta property=\"product:availability\" content=\"instock\" \/>\n<meta property=\"product:retailer_item_id\" content=\"6AQV-804400-6000\" \/>\n<meta property=\"product:condition\" content=\"new\" \/>\n<!-- \/ Yoast SEO Premium plugin. -->","yoast_head_json":{"title":"450MT Protection de l'\u00e9trier avant - CFMOTO Benelux","description":"Prot\u00e9gez votre moteur avec la protection d'\u00e9trier de frein avant 450MT ! La construction durable en acier inoxydable offre une protection fiable contre les dommages.","robots":{"index":"index","follow":"follow","max-snippet":"max-snippet:-1","max-image-preview":"max-image-preview:large","max-video-preview":"max-video-preview:-1"},"canonical":"https:\/\/cfmotobenelux.com\/fr\/produit\/450mt-bescherming-remklauw-voorraan\/","og_locale":"fr_FR","og_type":"article","og_title":"450MT Bescherming remklauw voorraan","og_description":"Bescherm je motor met de 450MT Bescherming remklauw voorraan! Duurzame roestvrijstalen constructie biedt betrouwbare bescherming tegen schade.","og_url":"https:\/\/cfmotobenelux.com\/fr\/produit\/450mt-bescherming-remklauw-voorraan\/","og_site_name":"CFMOTO Benelux","article_publisher":"https:\/\/www.facebook.com\/cfmotobeneluxmoto","article_modified_time":"2026-04-22T13:11:50+00:00","og_image":[{"width":1066,"height":1066,"url":"https:\/\/cfmotobenelux.com\/wp-content\/uploads\/2024\/03\/6AQV-804400-6000.jpg","type":"image\/jpeg"}],"twitter_card":"summary_large_image","twitter_misc":{"Price":"&euro;&nbsp;29,95","Availability":"In stock"},"schema":{"@context":"https:\/\/schema.org","@graph":[{"@type":"WebPage","@id":"https:\/\/cfmotobenelux.com\/product\/450mt-bescherming-remklauw-voorraan\/","url":"https:\/\/cfmotobenelux.com\/product\/450mt-bescherming-remklauw-voorraan\/","name":"450MT Protection de l'\u00e9trier avant - CFMOTO Benelux","isPartOf":{"@id":"https:\/\/cfmotobenelux.com\/#website"},"primaryImageOfPage":{"@id":"https:\/\/cfmotobenelux.com\/product\/450mt-bescherming-remklauw-voorraan\/#primaryimage"},"image":{"@id":"https:\/\/cfmotobenelux.com\/product\/450mt-bescherming-remklauw-voorraan\/#primaryimage"},"thumbnailUrl":"https:\/\/cfmotobenelux.com\/wp-content\/uploads\/2024\/03\/6AQV-804400-6000.jpg","datePublished":"2024-03-07T20:44:47+00:00","dateModified":"2026-04-22T13:11:50+00:00","description":"Prot\u00e9gez votre moteur avec la protection d'\u00e9trier de frein avant 450MT ! La construction durable en acier inoxydable offre une protection fiable contre les dommages.","breadcrumb":{"@id":"https:\/\/cfmotobenelux.com\/product\/450mt-bescherming-remklauw-voorraan\/#breadcrumb"},"inLanguage":"fr-BE","potentialAction":[{"@type":"ReadAction","target":["https:\/\/cfmotobenelux.com\/product\/450mt-bescherming-remklauw-voorraan\/"]}]},{"@type":"ImageObject","inLanguage":"fr-BE","@id":"https:\/\/cfmotobenelux.com\/product\/450mt-bescherming-remklauw-voorraan\/#primaryimage","url":"https:\/\/cfmotobenelux.com\/wp-content\/uploads\/2024\/03\/6AQV-804400-6000.jpg","contentUrl":"https:\/\/cfmotobenelux.com\/wp-content\/uploads\/2024\/03\/6AQV-804400-6000.jpg","width":1066,"height":1066},{"@type":"BreadcrumbList","@id":"https:\/\/cfmotobenelux.com\/product\/450mt-bescherming-remklauw-voorraan\/#breadcrumb","itemListElement":[{"@type":"ListItem","position":1,"name":"Home","item":"https:\/\/cfmotobenelux.com\/"},{"@type":"ListItem","position":2,"name":"Shop","item":"https:\/\/cfmotobenelux.com\/shop\/"},{"@type":"ListItem","position":3,"name":"Motoraccessoires","item":"https:\/\/cfmotobenelux.com\/product-category\/motoraccessoires\/"},{"@type":"ListItem","position":4,"name":"450MT Bescherming remklauw voorraan"}]},{"@type":"WebSite","@id":"https:\/\/cfmotobenelux.com\/#website","url":"https:\/\/cfmotobenelux.com\/","name":"CFMOTO Benelux","description":"Experience more together","publisher":{"@id":"https:\/\/cfmotobenelux.com\/#organization"},"alternateName":"CFMOTO motorfietsen offici\u00eble website Benelux.","potentialAction":[{"@type":"SearchAction","target":{"@type":"EntryPoint","urlTemplate":"https:\/\/cfmotobenelux.com\/?s={search_term_string}"},"query-input":{"@type":"PropertyValueSpecification","valueRequired":true,"valueName":"search_term_string"}}],"inLanguage":"fr-BE"},{"@type":"Organization","@id":"https:\/\/cfmotobenelux.com\/#organization","name":"CFMOTO Benelux","alternateName":"CFMOTO - motorfietsen voor rijders die kracht, controle en comfort eisen.","url":"https:\/\/cfmotobenelux.com\/","logo":{"@type":"ImageObject","inLanguage":"fr-BE","@id":"https:\/\/cfmotobenelux.com\/#\/schema\/logo\/image\/","url":"https:\/\/cfmotobenelux.com\/wp-content\/uploads\/2024\/06\/cfmoto-benelux-logo.jpg","contentUrl":"https:\/\/cfmotobenelux.com\/wp-content\/uploads\/2024\/06\/cfmoto-benelux-logo.jpg","width":1200,"height":1200,"caption":"CFMOTO Benelux"},"image":{"@id":"https:\/\/cfmotobenelux.com\/#\/schema\/logo\/image\/"},"sameAs":["https:\/\/www.facebook.com\/cfmotobeneluxmoto"]}]},"product_price_amount":"29.95","product_price_currency":"EUR","og_availability":"instock","product_availability":"instock","product_retailer_item_id":"6AQV-804400-6000","product_condition":"new"},"_links":{"self":[{"href":"https:\/\/cfmotobenelux.com\/fr\/wp-json\/wp\/v2\/product\/3064","targetHints":{"allow":["GET"]}}],"collection":[{"href":"https:\/\/cfmotobenelux.com\/fr\/wp-json\/wp\/v2\/product"}],"about":[{"href":"https:\/\/cfmotobenelux.com\/fr\/wp-json\/wp\/v2\/types\/product"}],"replies":[{"embeddable":true,"href":"https:\/\/cfmotobenelux.com\/fr\/wp-json\/wp\/v2\/comments?post=3064"}],"wp:featuredmedia":[{"embeddable":true,"href":"https:\/\/cfmotobenelux.com\/fr\/wp-json\/wp\/v2\/media\/6227"}],"wp:attachment":[{"href":"https:\/\/cfmotobenelux.com\/fr\/wp-json\/wp\/v2\/media?parent=3064"}],"wp:term":[{"taxonomy":"product_brand","embeddable":true,"href":"https:\/\/cfmotobenelux.com\/fr\/wp-json\/wp\/v2\/product_brand?post=3064"},{"taxonomy":"product_cat","embeddable":true,"href":"https:\/\/cfmotobenelux.com\/fr\/wp-json\/wp\/v2\/product_cat?post=3064"},{"taxonomy":"product_tag","embeddable":true,"href":"https:\/\/cfmotobenelux.com\/fr\/wp-json\/wp\/v2\/product_tag?post=3064"}],"curies":[{"name":"wp","href":"https:\/\/api.w.org\/{rel}","templated":true}]}}