{"id":2536,"date":"2023-12-02T18:42:17","date_gmt":"2023-12-02T17:42:17","guid":{"rendered":"https:\/\/cfmotobenelux.com\/product\/schermbeschermer\/"},"modified":"2026-02-13T12:27:51","modified_gmt":"2026-02-13T11:27:51","slug":"800mt-schermbeschermer","status":"publish","type":"product","link":"https:\/\/cfmotobenelux.com\/fr\/produit\/800mt-schermbeschermer\/","title":{"rendered":"800MT Protection d'\u00e9cran (Sport)"},"content":{"rendered":"<p>La <strong>800MT Protection d'\u00e9cran (Sport)<\/strong> est l'accessoire parfait pour prot\u00e9ger le tableau de bord de votre moto contre les rayures et les \u00e9raflures. Con\u00e7ue exclusivement pour la version sportive de la 800MT, cette protection d'\u00e9cran s'adapte parfaitement \u00e0 l'\u00e9cran de 7 pouces de votre moto.<\/p>\n<p><strong>Durable et facile \u00e0 installer<\/strong><\/p>\n<p>Fabriqu\u00e9 \u00e0 partir d'un film hydrocoagulant TPU, ce protecteur offre non seulement une excellente protection, mais il est \u00e9galement extr\u00eamement facile \u00e0 appliquer. Gr\u00e2ce \u00e0 son mat\u00e9riau souple et robuste, vous b\u00e9n\u00e9ficierez d'une protection durable sans compromettre la visibilit\u00e9 de votre tableau de bord.<\/p>\n<p><strong>Accessoires utiles pour l'installation<\/strong><\/p>\n<p>Il est livr\u00e9 avec un ensemble complet d'outils de laminage, vous permettant d'appliquer le protecteur d'\u00e9cran facilement et sans bulles d'air. Votre \u00e9cran sera ainsi parfaitement prot\u00e9g\u00e9 en un rien de temps.<\/p>\n<p><strong>Principaux avantages<\/strong><\/p>\n<ul>\n<li><strong>Surtout pour la 800MT Sport<\/strong>Le tableau de bord : Il s'adapte parfaitement au tableau de bord de 7 pouces.<\/li>\n<li><strong>Excellente protection<\/strong>Le produit : pr\u00e9serve votre \u00e9cran des rayures et des \u00e9gratignures.<\/li>\n<li><strong>Installation simple<\/strong>Le r\u00e9sultat : gr\u00e2ce au film hydrocoagulant TPU et aux outils mis \u00e0 disposition.<\/li>\n<\/ul>\n<p><strong>Pourquoi choisir cette protection d'\u00e9cran ?<\/strong><\/p>\n<p>En bref, avec la <strong>800MT Protection d'\u00e9cran (Sport)<\/strong> veillez \u00e0 ce que votre tableau de bord reste toujours en parfait \u00e9tat. Vous pourrez ainsi prendre la route en toute confiance et avec une vision claire, \u00e0 chaque trajet !<\/p>","protected":false},"excerpt":{"rendered":"<p>De 800MT Screen protector (Sport) is de perfecte accessoire om het instrumentenpaneel van je motor te beschermen tegen krassen en slijtage. Ontworpen exclusief voor de sportversie van de 800MT, sluit deze screen protector naadloos aan op het 7-inch scherm van je motor. Duurzaam en eenvoudig te installeren Gemaakt van TPU hydrocoagulant filmmateriaal biedt deze protector [&hellip;]<\/p>\n","protected":false},"featured_media":2537,"comment_status":"closed","ping_status":"closed","template":"","meta":{"_acf_changed":false,"inline_featured_image":false},"product_brand":[],"product_cat":[36],"product_tag":[74],"class_list":{"0":"post-2536","1":"product","2":"type-product","3":"status-publish","4":"has-post-thumbnail","6":"product_cat-motoraccessoires","7":"product_tag-800mt","9":"first","10":"instock","11":"taxable","12":"shipping-taxable","13":"purchasable","14":"product-type-simple"},"exclude_global_add_ons":[],"addons":[],"acf":[],"yoast_head":"<!-- This site is optimized with the Yoast SEO Premium plugin v27.3 (Yoast SEO v27.3) - https:\/\/yoast.com\/product\/yoast-seo-premium-wordpress\/ -->\n<title>800MT Screen protector (Sport) - CFMOTO Benelux<\/title>\n<meta name=\"description\" content=\"Screen protector voor de 800MT Sport. TPU-filmmateriaal voor krasbescherming en eenvoudig aan te brengen met meegeleverde lamineergereedschappen.\" \/>\n<meta name=\"robots\" content=\"index, follow, max-snippet:-1, max-image-preview:large, max-video-preview:-1\" \/>\n<link rel=\"canonical\" href=\"https:\/\/cfmotobenelux.com\/fr\/produit\/800mt-schermbeschermer\/\" \/>\n<meta property=\"og:locale\" content=\"fr_FR\" \/>\n<meta property=\"og:type\" content=\"article\" \/>\n<meta property=\"og:title\" content=\"800MT Screen protector (Sport)\" \/>\n<meta property=\"og:description\" content=\"Screen protector voor de 800MT Sport. TPU-filmmateriaal voor krasbescherming en eenvoudig aan te brengen met meegeleverde lamineergereedschappen.\" \/>\n<meta property=\"og:url\" content=\"https:\/\/cfmotobenelux.com\/fr\/produit\/800mt-schermbeschermer\/\" \/>\n<meta property=\"og:site_name\" content=\"CFMOTO Benelux\" \/>\n<meta property=\"article:publisher\" content=\"https:\/\/www.facebook.com\/cfmotobeneluxmoto\" \/>\n<meta property=\"article:modified_time\" content=\"2026-02-13T11:27:51+00:00\" \/>\n<meta property=\"og:image\" content=\"https:\/\/cfmotobenelux.com\/wp-content\/uploads\/2023\/12\/Protection-decran-800MT.jpg\" \/>\n\t<meta property=\"og:image:width\" content=\"500\" \/>\n\t<meta property=\"og:image:height\" content=\"500\" \/>\n\t<meta property=\"og:image:type\" content=\"image\/jpeg\" \/>\n<meta name=\"twitter:card\" content=\"summary_large_image\" \/>\n<meta name=\"twitter:label1\" content=\"Price\" \/>\n\t<meta name=\"twitter:data1\" content=\"&euro;&nbsp;9,95\" \/>\n\t<meta name=\"twitter:label2\" content=\"Availability\" \/>\n\t<meta name=\"twitter:data2\" content=\"In stock\" \/>\n<script type=\"application\/ld+json\" class=\"yoast-schema-graph\">{\"@context\":\"https:\\\/\\\/schema.org\",\"@graph\":[{\"@type\":\"WebPage\",\"@id\":\"https:\\\/\\\/cfmotobenelux.com\\\/product\\\/800mt-schermbeschermer\\\/\",\"url\":\"https:\\\/\\\/cfmotobenelux.com\\\/product\\\/800mt-schermbeschermer\\\/\",\"name\":\"800MT Screen protector (Sport) - CFMOTO Benelux\",\"isPartOf\":{\"@id\":\"https:\\\/\\\/cfmotobenelux.com\\\/#website\"},\"primaryImageOfPage\":{\"@id\":\"https:\\\/\\\/cfmotobenelux.com\\\/product\\\/800mt-schermbeschermer\\\/#primaryimage\"},\"image\":{\"@id\":\"https:\\\/\\\/cfmotobenelux.com\\\/product\\\/800mt-schermbeschermer\\\/#primaryimage\"},\"thumbnailUrl\":\"https:\\\/\\\/cfmotobenelux.com\\\/wp-content\\\/uploads\\\/2023\\\/12\\\/Protection-decran-800MT.jpg\",\"datePublished\":\"2023-12-02T17:42:17+00:00\",\"dateModified\":\"2026-02-13T11:27:51+00:00\",\"description\":\"Screen protector voor de 800MT Sport. TPU-filmmateriaal voor krasbescherming en eenvoudig aan te brengen met meegeleverde lamineergereedschappen.\",\"breadcrumb\":{\"@id\":\"https:\\\/\\\/cfmotobenelux.com\\\/product\\\/800mt-schermbeschermer\\\/#breadcrumb\"},\"inLanguage\":\"fr-BE\",\"potentialAction\":[{\"@type\":\"ReadAction\",\"target\":[\"https:\\\/\\\/cfmotobenelux.com\\\/product\\\/800mt-schermbeschermer\\\/\"]}]},{\"@type\":\"ImageObject\",\"inLanguage\":\"fr-BE\",\"@id\":\"https:\\\/\\\/cfmotobenelux.com\\\/product\\\/800mt-schermbeschermer\\\/#primaryimage\",\"url\":\"https:\\\/\\\/cfmotobenelux.com\\\/wp-content\\\/uploads\\\/2023\\\/12\\\/Protection-decran-800MT.jpg\",\"contentUrl\":\"https:\\\/\\\/cfmotobenelux.com\\\/wp-content\\\/uploads\\\/2023\\\/12\\\/Protection-decran-800MT.jpg\",\"width\":500,\"height\":500,\"caption\":\"Protection d'\u00e9cran - 800MT - Schermbeveiliging - 800MT\"},{\"@type\":\"BreadcrumbList\",\"@id\":\"https:\\\/\\\/cfmotobenelux.com\\\/product\\\/800mt-schermbeschermer\\\/#breadcrumb\",\"itemListElement\":[{\"@type\":\"ListItem\",\"position\":1,\"name\":\"Home\",\"item\":\"https:\\\/\\\/cfmotobenelux.com\\\/\"},{\"@type\":\"ListItem\",\"position\":2,\"name\":\"Shop\",\"item\":\"https:\\\/\\\/cfmotobenelux.com\\\/shop\\\/\"},{\"@type\":\"ListItem\",\"position\":3,\"name\":\"Motoraccessoires\",\"item\":\"https:\\\/\\\/cfmotobenelux.com\\\/product-category\\\/motoraccessoires\\\/\"},{\"@type\":\"ListItem\",\"position\":4,\"name\":\"800MT Screen protector (Sport)\"}]},{\"@type\":\"WebSite\",\"@id\":\"https:\\\/\\\/cfmotobenelux.com\\\/#website\",\"url\":\"https:\\\/\\\/cfmotobenelux.com\\\/\",\"name\":\"CFMOTO Benelux\",\"description\":\"Experience more together\",\"publisher\":{\"@id\":\"https:\\\/\\\/cfmotobenelux.com\\\/#organization\"},\"alternateName\":\"CFMOTO motorfietsen offici\u00eble website Benelux.\",\"potentialAction\":[{\"@type\":\"SearchAction\",\"target\":{\"@type\":\"EntryPoint\",\"urlTemplate\":\"https:\\\/\\\/cfmotobenelux.com\\\/?s={search_term_string}\"},\"query-input\":{\"@type\":\"PropertyValueSpecification\",\"valueRequired\":true,\"valueName\":\"search_term_string\"}}],\"inLanguage\":\"fr-BE\"},{\"@type\":\"Organization\",\"@id\":\"https:\\\/\\\/cfmotobenelux.com\\\/#organization\",\"name\":\"CFMOTO Benelux\",\"alternateName\":\"CFMOTO - motorfietsen voor rijders die kracht, controle en comfort eisen.\",\"url\":\"https:\\\/\\\/cfmotobenelux.com\\\/\",\"logo\":{\"@type\":\"ImageObject\",\"inLanguage\":\"fr-BE\",\"@id\":\"https:\\\/\\\/cfmotobenelux.com\\\/#\\\/schema\\\/logo\\\/image\\\/\",\"url\":\"https:\\\/\\\/cfmotobenelux.com\\\/wp-content\\\/uploads\\\/2024\\\/06\\\/cfmoto-benelux-logo.jpg\",\"contentUrl\":\"https:\\\/\\\/cfmotobenelux.com\\\/wp-content\\\/uploads\\\/2024\\\/06\\\/cfmoto-benelux-logo.jpg\",\"width\":1200,\"height\":1200,\"caption\":\"CFMOTO Benelux\"},\"image\":{\"@id\":\"https:\\\/\\\/cfmotobenelux.com\\\/#\\\/schema\\\/logo\\\/image\\\/\"},\"sameAs\":[\"https:\\\/\\\/www.facebook.com\\\/cfmotobeneluxmoto\"]}]}<\/script>\n<meta property=\"product:price:amount\" content=\"9.95\" \/>\n<meta property=\"product:price:currency\" content=\"EUR\" \/>\n<meta property=\"og:availability\" content=\"instock\" \/>\n<meta property=\"product:availability\" content=\"instock\" \/>\n<meta property=\"product:retailer_item_id\" content=\"6WWV-801400-5000\" \/>\n<meta property=\"product:condition\" content=\"new\" \/>\n<!-- \/ Yoast SEO Premium plugin. -->","yoast_head_json":{"title":"800MT Protection d'\u00e9cran (Sport) - CFMOTO Benelux","description":"Protection d'\u00e9cran pour le 800MT Sport. Film TPU pour une protection contre les rayures et facile \u00e0 appliquer avec les outils de laminage inclus.","robots":{"index":"index","follow":"follow","max-snippet":"max-snippet:-1","max-image-preview":"max-image-preview:large","max-video-preview":"max-video-preview:-1"},"canonical":"https:\/\/cfmotobenelux.com\/fr\/produit\/800mt-schermbeschermer\/","og_locale":"fr_FR","og_type":"article","og_title":"800MT Screen protector (Sport)","og_description":"Screen protector voor de 800MT Sport. TPU-filmmateriaal voor krasbescherming en eenvoudig aan te brengen met meegeleverde lamineergereedschappen.","og_url":"https:\/\/cfmotobenelux.com\/fr\/produit\/800mt-schermbeschermer\/","og_site_name":"CFMOTO Benelux","article_publisher":"https:\/\/www.facebook.com\/cfmotobeneluxmoto","article_modified_time":"2026-02-13T11:27:51+00:00","og_image":[{"width":500,"height":500,"url":"https:\/\/cfmotobenelux.com\/wp-content\/uploads\/2023\/12\/Protection-decran-800MT.jpg","type":"image\/jpeg"}],"twitter_card":"summary_large_image","twitter_misc":{"Price":"&euro;&nbsp;9,95","Availability":"In stock"},"schema":{"@context":"https:\/\/schema.org","@graph":[{"@type":"WebPage","@id":"https:\/\/cfmotobenelux.com\/product\/800mt-schermbeschermer\/","url":"https:\/\/cfmotobenelux.com\/product\/800mt-schermbeschermer\/","name":"800MT Protection d'\u00e9cran (Sport) - CFMOTO Benelux","isPartOf":{"@id":"https:\/\/cfmotobenelux.com\/#website"},"primaryImageOfPage":{"@id":"https:\/\/cfmotobenelux.com\/product\/800mt-schermbeschermer\/#primaryimage"},"image":{"@id":"https:\/\/cfmotobenelux.com\/product\/800mt-schermbeschermer\/#primaryimage"},"thumbnailUrl":"https:\/\/cfmotobenelux.com\/wp-content\/uploads\/2023\/12\/Protection-decran-800MT.jpg","datePublished":"2023-12-02T17:42:17+00:00","dateModified":"2026-02-13T11:27:51+00:00","description":"Protection d'\u00e9cran pour le 800MT Sport. Film TPU pour une protection contre les rayures et facile \u00e0 appliquer avec les outils de laminage inclus.","breadcrumb":{"@id":"https:\/\/cfmotobenelux.com\/product\/800mt-schermbeschermer\/#breadcrumb"},"inLanguage":"fr-BE","potentialAction":[{"@type":"ReadAction","target":["https:\/\/cfmotobenelux.com\/product\/800mt-schermbeschermer\/"]}]},{"@type":"ImageObject","inLanguage":"fr-BE","@id":"https:\/\/cfmotobenelux.com\/product\/800mt-schermbeschermer\/#primaryimage","url":"https:\/\/cfmotobenelux.com\/wp-content\/uploads\/2023\/12\/Protection-decran-800MT.jpg","contentUrl":"https:\/\/cfmotobenelux.com\/wp-content\/uploads\/2023\/12\/Protection-decran-800MT.jpg","width":500,"height":500,"caption":"Protection d'\u00e9cran - 800MT - Schermbeveiliging - 800MT"},{"@type":"BreadcrumbList","@id":"https:\/\/cfmotobenelux.com\/product\/800mt-schermbeschermer\/#breadcrumb","itemListElement":[{"@type":"ListItem","position":1,"name":"Home","item":"https:\/\/cfmotobenelux.com\/"},{"@type":"ListItem","position":2,"name":"Shop","item":"https:\/\/cfmotobenelux.com\/shop\/"},{"@type":"ListItem","position":3,"name":"Motoraccessoires","item":"https:\/\/cfmotobenelux.com\/product-category\/motoraccessoires\/"},{"@type":"ListItem","position":4,"name":"800MT Screen protector (Sport)"}]},{"@type":"WebSite","@id":"https:\/\/cfmotobenelux.com\/#website","url":"https:\/\/cfmotobenelux.com\/","name":"CFMOTO Benelux","description":"Experience more together","publisher":{"@id":"https:\/\/cfmotobenelux.com\/#organization"},"alternateName":"CFMOTO motorfietsen offici\u00eble website Benelux.","potentialAction":[{"@type":"SearchAction","target":{"@type":"EntryPoint","urlTemplate":"https:\/\/cfmotobenelux.com\/?s={search_term_string}"},"query-input":{"@type":"PropertyValueSpecification","valueRequired":true,"valueName":"search_term_string"}}],"inLanguage":"fr-BE"},{"@type":"Organization","@id":"https:\/\/cfmotobenelux.com\/#organization","name":"CFMOTO Benelux","alternateName":"CFMOTO - motorfietsen voor rijders die kracht, controle en comfort eisen.","url":"https:\/\/cfmotobenelux.com\/","logo":{"@type":"ImageObject","inLanguage":"fr-BE","@id":"https:\/\/cfmotobenelux.com\/#\/schema\/logo\/image\/","url":"https:\/\/cfmotobenelux.com\/wp-content\/uploads\/2024\/06\/cfmoto-benelux-logo.jpg","contentUrl":"https:\/\/cfmotobenelux.com\/wp-content\/uploads\/2024\/06\/cfmoto-benelux-logo.jpg","width":1200,"height":1200,"caption":"CFMOTO Benelux"},"image":{"@id":"https:\/\/cfmotobenelux.com\/#\/schema\/logo\/image\/"},"sameAs":["https:\/\/www.facebook.com\/cfmotobeneluxmoto"]}]},"product_price_amount":"9.95","product_price_currency":"EUR","og_availability":"instock","product_availability":"instock","product_retailer_item_id":"6WWV-801400-5000","product_condition":"new"},"_links":{"self":[{"href":"https:\/\/cfmotobenelux.com\/fr\/wp-json\/wp\/v2\/product\/2536","targetHints":{"allow":["GET"]}}],"collection":[{"href":"https:\/\/cfmotobenelux.com\/fr\/wp-json\/wp\/v2\/product"}],"about":[{"href":"https:\/\/cfmotobenelux.com\/fr\/wp-json\/wp\/v2\/types\/product"}],"replies":[{"embeddable":true,"href":"https:\/\/cfmotobenelux.com\/fr\/wp-json\/wp\/v2\/comments?post=2536"}],"wp:featuredmedia":[{"embeddable":true,"href":"https:\/\/cfmotobenelux.com\/fr\/wp-json\/wp\/v2\/media\/2537"}],"wp:attachment":[{"href":"https:\/\/cfmotobenelux.com\/fr\/wp-json\/wp\/v2\/media?parent=2536"}],"wp:term":[{"taxonomy":"product_brand","embeddable":true,"href":"https:\/\/cfmotobenelux.com\/fr\/wp-json\/wp\/v2\/product_brand?post=2536"},{"taxonomy":"product_cat","embeddable":true,"href":"https:\/\/cfmotobenelux.com\/fr\/wp-json\/wp\/v2\/product_cat?post=2536"},{"taxonomy":"product_tag","embeddable":true,"href":"https:\/\/cfmotobenelux.com\/fr\/wp-json\/wp\/v2\/product_tag?post=2536"}],"curies":[{"name":"wp","href":"https:\/\/api.w.org\/{rel}","templated":true}]}}